{"id":1967,"date":"2024-12-16T21:13:52","date_gmt":"2024-12-16T21:13:52","guid":{"rendered":"https:\/\/lode.one\/aviso-importante\/"},"modified":"2025-01-09T04:19:34","modified_gmt":"2025-01-09T04:19:34","slug":"aviso-importante","status":"publish","type":"page","link":"https:\/\/lode.one\/pt-br\/aviso-importante\/","title":{"rendered":"AVISO IMPORTANTE"},"content":{"rendered":"<p>[et_pb_section fb_built=&#8221;1&#8243; _builder_version=&#8221;4.27.4&#8243; _module_preset=&#8221;default&#8221; background_color=&#8221;#2f4953&#8243; custom_padding=&#8221;200px||||false|false&#8221; global_colors_info=&#8221;{}&#8221;][et_pb_row _builder_version=&#8221;4.27.4&#8243; _module_preset=&#8221;default&#8221; background_color=&#8221;#FFFFFF&#8221; custom_padding=&#8221;100px|50px|100px|50px|true|true&#8221; global_colors_info=&#8221;{}&#8221;][et_pb_column type=&#8221;4_4&#8243; _builder_version=&#8221;4.27.4&#8243; _module_preset=&#8221;default&#8221; global_colors_info=&#8221;{}&#8221;][et_pb_text _builder_version=&#8221;4.27.4&#8243; _module_preset=&#8221;default&#8221; header_text_align=&#8221;center&#8221; hover_enabled=&#8221;0&#8243; global_colors_info=&#8221;{}&#8221; sticky_enabled=&#8221;0&#8243;]<\/p>\n<div class=\"et_pb_module et_pb_text et_pb_text_0 et_pb_text_align_left et_pb_bg_layout_light\">\n<div class=\"et_pb_text_inner\">\n<h1><strong>AVISO IMPORTANTE<\/strong><\/h1>\n<h1><strong> <\/strong><\/h1>\n<p><strong> <\/strong>O Protocolo LODE (&#8220;LODE&#8221;) \u00e9 um livro-raz\u00e3o distribu\u00eddo de c\u00f3digo aberto baseado na Internet e uma plataforma de computa\u00e7\u00e3o composta de v\u00e1rios componentes em evolu\u00e7\u00e3o, contribu\u00eddos por uma ampla variedade de participantes e provedores de servi\u00e7os profissionais. O LODE \u00e9 desenvolvido pela LODE (Switzerland) AG (&#8220;LSA&#8221;) e pela Service Providers Alliance, que \u00e9 alimentada pelo LODE Token. O LODE continua crescendo e mudando por meio dos esfor\u00e7os de sua comunidade. Para acessar as fun\u00e7\u00f5es de utilidade do Protocolo LODE, voc\u00ea precisa ter e utilizar o Token LODE. O n\u00famero m\u00e1ximo de Tokens LODE que podem ser emitidos \u00e9 77.000.000. O Token LODE foi totalmente emitido pela LODE GmbH, uma subsidi\u00e1ria da LSA, sob seu acordo de Agente Vinculado.     <\/p>\n<p>A LSA, juntamente com suas subsidi\u00e1rias e afiliadas, \u00e9 um membro ativo dessa comunidade, tanto direta quanto indiretamente, por meio de seus programas de sementes e investimentos, bem como de v\u00e1rios Provedores de Servi\u00e7os. A LSA contribui para o desenvolvimento, a implementa\u00e7\u00e3o e a manuten\u00e7\u00e3o cont\u00ednuos do LODE e da Comunidade LODE financiando, divulgando e incentivando, entre outras atividades, as seguintes: <\/p>\n<ul>\n<li>Desenvolver e implementar diferentes tipos de software, como contratos inteligentes e dApps, acesso \u00e0 infraestrutura de cart\u00f5es, trocas descentralizadas, swaps\/movimentos, sub-redes, APIs, utilit\u00e1rios e atualiza\u00e7\u00f5es, pontes para outros blockchains e software de conex\u00e3o de carteiras, e ajudar outras pessoas a fazer o mesmo;  <\/li>\n<li>A rede utiliza e opera em um ou mais n\u00f3s\/validadores;<\/li>\n<li>criar conte\u00fado escrito, em v\u00eddeo e outros conte\u00fados em sites, v\u00e1rias plataformas de m\u00eddia social e em outros lugares; e<\/li>\n<li>Em geral, ser um recurso geral para a comunidade de v\u00e1rias outras maneiras.<\/li>\n<\/ul>\n<p>A LODE n\u00e3o tem fins lucrativos, mas algumas de suas atividades podem gerar fluxos de entrada que s\u00e3o distribu\u00eddos em pools de liquidez por meio da infraestrutura de contrato inteligente do Token LODE para o benef\u00edcio dos Detentores de Token LODE e da Alian\u00e7a de Prestadores de Servi\u00e7os. A LODE implantou um Coletor de Taxas como um contrato inteligente de pool que permite a coleta de recursos de v\u00e1rios centros de lucro e distribui as taxas como &#8220;reflexos de pool&#8221; para Provedores de Servi\u00e7os, Cofres e detentores de Tokens LODE. <\/p>\n<p>A LSA, bem como seus Prestadores de Servi\u00e7os e outras pessoas e organiza\u00e7\u00f5es associadas a ela, podem dar, receber, emprestar, tomar emprestado, comprar e vender Tokens LODE e v\u00e1rios outros ativos criptogr\u00e1ficos (sejam tokens fung\u00edveis ou n\u00e3o fung\u00edveis) criados ou associados \u00e0 LODE e aos contratos inteligentes e dApps usados pela LODE. Essas transa\u00e7\u00f5es e transfer\u00eancias podem ocorrer como vendas privadas peer-to-peer e em transa\u00e7\u00f5es de mercado aberto por meio de &#8220;leil\u00f5es holandeses&#8221; e\/ou trocas descentralizadas (DEXs) e outros meios. O LODE pode oferecer ou receber pre\u00e7os preferenciais em determinadas transa\u00e7\u00f5es, geralmente com base no volume.  <\/p>\n<p>Todos os softwares, conte\u00fados e atividades acima s\u00e3o referidos neste Aviso como &#8220;Software, Conte\u00fado e Atividades&#8221; do LODE. \u00c0s vezes, o LODE cobra taxas relacionadas ao seu Software, Conte\u00fado e Atividades, enquanto outras vezes n\u00e3o. <\/p>\n<p>A menos que especificado de outra forma, a LSA n\u00e3o faz nenhuma declara\u00e7\u00e3o, garantia ou compromisso com rela\u00e7\u00e3o ao LODE ou a qualquer um de seus Softwares, Conte\u00fados e Atividades, sejam eles expressos ou impl\u00edcitos, incluindo, mas n\u00e3o se limitando \u00e0s garantias de conformidade, precis\u00e3o, confiabilidade, validade, comercializa\u00e7\u00e3o, adequa\u00e7\u00e3o a uma finalidade espec\u00edfica, qualidade, disponibilidade, durabilidade e n\u00e3o viola\u00e7\u00e3o, ou quanto a qualquer um deles ser ininterrupto, livre de erros, livre de componentes nocivos ou seguro. Nem a LSA nem seus Provedores de Servi\u00e7os s\u00e3o respons\u00e1veis por, ou em conex\u00e3o com, quaisquer a\u00e7\u00f5es, procedimentos, reivindica\u00e7\u00f5es, danos, despesas ou outras responsabilidades, seja em uma a\u00e7\u00e3o de contrato, ato il\u00edcito ou de outra forma, decorrentes de, relacionados a ou em conex\u00e3o com o LODE ou seu Software, Conte\u00fado e Atividades ou o uso ou outras negocia\u00e7\u00f5es em ou com qualquer um deles ou confian\u00e7a neles. <\/p>\n<p>Para evitar confus\u00e3o por parte das pessoas que interagem com o LODE, \u00e9 importante que o p\u00fablico em geral entenda o seguinte:<\/p>\n<ul>\n<li><strong>O Protocolo LODE \u00e9 uma plataforma descentralizada e sem permiss\u00e3o.<\/strong>  Ele n\u00e3o tem uma \u00fanica fonte de verdade, um \u00fanico ponto de falha e nenhuma pessoa ou autoridade que, por si s\u00f3, tenha a capacidade ou o poder de fazer altera\u00e7\u00f5es nos dados, no software ou nos contratos inteligentes que fazem parte do blockchain ou de admitir usu\u00e1rios. A LODE n\u00e3o tem maior poder inerente do que qualquer outro participante para adicionar, alterar ou interferir de outra forma em uma blockchain p\u00fablica.   <strong>O LODE n\u00e3o o controla nem tem a capacidade de alterar dados, transfer\u00eancias ou qualquer outra coisa registrada no blockchain.  <\/strong>O mesmo se aplica a quaisquer sub-redes e cadeias laterais.<\/li>\n<\/ul>\n<ul>\n<li><strong>Quando voc\u00ea usa o Protocolo LODE, \u00e9 por sua pr\u00f3pria conta e risco<\/strong>.  <\/li>\n<li>Recomenda-se <strong>que voc\u00ea fa\u00e7a sua pr\u00f3pria pesquisa antes de usar ou se envolver com o Protocolo LODE, o Software, o Conte\u00fado e as Atividades do LODE e\/ou quaisquer sub-redes ou carteiras Web3 de terceiros <\/strong>. Fique por dentro das atualiza\u00e7\u00f5es e dos desenvolvimentos. <u><\/u> <\/li>\n<li>A menos que a LSA informe voc\u00ea de outra forma por escrito, ela n\u00e3o \u00e9 respons\u00e1vel e n\u00e3o faz nenhuma declara\u00e7\u00e3o ou garantia em rela\u00e7\u00e3o ao Protocolo LODE, seu funcionamento, quaisquer atividades ou transa\u00e7\u00f5es conduzidas ou contratos inteligentes operando nele ou qualquer software associado a ele (seja ou n\u00e3o o Software, Conte\u00fado e Atividades da LODE).<\/li>\n<li>O LODE tenta cumprir as leis, regras e obriga\u00e7\u00f5es contratuais aplic\u00e1veis com rela\u00e7\u00e3o a todo o seu Software, Conte\u00fado e Atividades. No entanto, esse cen\u00e1rio est\u00e1 em constante mudan\u00e7a e difere de acordo com a jurisdi\u00e7\u00e3o. <strong>\u00c9 sua responsabilidade conduzir sua pr\u00f3pria investiga\u00e7\u00e3o para garantir que sua atividade relacionada ao Protocolo LODE esteja em conformidade com todas as leis, regras e obriga\u00e7\u00f5es contratuais aplic\u00e1veis<\/strong>. <\/li>\n<li>Entre outras coisas, voc\u00ea precisar\u00e1 cumprir todos os termos e condi\u00e7\u00f5es, licen\u00e7as de software, especifica\u00e7\u00f5es e programa\u00e7\u00e3o associados a tudo o que usar.<\/li>\n<li><strong>Voc\u00ea \u00e9 o \u00fanico respons\u00e1vel pelas chaves privadas\/secretas e pelas frases-semente de sua carteira LODE sem cust\u00f3dia de blockchain<\/strong>. Evite perd\u00ea-las ou compartilh\u00e1-las com qualquer outra pessoa. Uma vez perdidas, n\u00e3o h\u00e1 nada que possa ser feito para recuperar o acesso \u00e0 sua carteira de blockchain e\/ou aos ativos digitais.  <\/li>\n<li>Sempre que o LODE criar um link, citar ou de outra forma fazer refer\u00eancia a um terceiro, ou reproduzir ou incorporar suas informa\u00e7\u00f5es, conte\u00fado ou materiais, isso ser\u00e1 apenas para fins informativos, e o LODE n\u00e3o verificou sua precis\u00e3o.<\/li>\n<li><strong>A LSA n\u00e3o pode enfatizar o suficiente<\/strong>: seja cuidadoso e sempre fa\u00e7a sua pr\u00f3pria dilig\u00eancia antes de se envolver com o Protocolo LODE e todos os seus componentes, contratos inteligentes, dApps, sub-redes e utilit\u00e1rios, independentemente de quem os criou ou implementou, incluindo, mas n\u00e3o se limitando a, quaisquer carteiras usadas em conex\u00e3o com ele. Em outras palavras, seja curioso e cauteloso. Fa\u00e7a sua li\u00e7\u00e3o de casa e n\u00e3o presuma que algo est\u00e1 correto ou que funcionar\u00e1 de determinada maneira sem antes verificar.  <\/li>\n<li><strong>Quando a LSA fala sobre ideias ou perspectivas futuras, ela est\u00e1 expressando sua vis\u00e3o e suas esperan\u00e7as, e n\u00e3o h\u00e1 nenhum compromisso ou garantia de que isso se tornar\u00e1 realidade, que ser\u00e1 implementado ou que funcionar\u00e1<\/strong>. O mundo muda rapidamente. A tecnologia muda na velocidade dos neg\u00f3cios, e a LSA n\u00e3o pode prever como as coisas acontecer\u00e3o, e suas aspira\u00e7\u00f5es e previs\u00f5es podem n\u00e3o ser confi\u00e1veis. Observe atentamente todas as comunica\u00e7\u00f5es, atualiza\u00e7\u00f5es de software e vers\u00f5es de software e as datas associadas a elas para garantir que voc\u00ea esteja usando o software mais atualizado.   <\/li>\n<\/ul>\n<\/div>\n<\/div>\n<p>[\/et_pb_text][\/et_pb_column][\/et_pb_row][\/et_pb_section]<\/p>\n","protected":false},"excerpt":{"rendered":"<p>AVISO IMPORTANTE O Protocolo LODE (&#8220;LODE&#8221;) \u00e9 um livro-raz\u00e3o distribu\u00eddo de c\u00f3digo aberto baseado na Internet e uma plataforma de computa\u00e7\u00e3o composta de v\u00e1rios componentes em evolu\u00e7\u00e3o, contribu\u00eddos por uma ampla variedade de participantes e provedores de servi\u00e7os profissionais. O LODE \u00e9 desenvolvido pela LODE (Switzerland) AG (&#8220;LSA&#8221;) e pela Service Providers Alliance, que \u00e9 alimentada pelo LODE Token. O LODE continua crescendo e mudando por meio dos esfor\u00e7os de sua comunidade. Para acessar as fun\u00e7\u00f5es de utilidade do Protocolo LODE, voc\u00ea precisa ter e utilizar o Token LODE. O n\u00famero m\u00e1ximo de Tokens LODE que podem ser emitidos \u00e9 77.000.000. O Token LODE foi totalmente emitido pela LODE GmbH, uma subsidi\u00e1ria da LSA, sob seu acordo de Agente Vinculado. A LSA, juntamente com suas subsidi\u00e1rias e afiliadas, \u00e9 um membro ativo dessa comunidade, tanto direta quanto indiretamente, por meio de seus programas de sementes e investimentos, bem como de v\u00e1rios Provedores de Servi\u00e7os. A LSA contribui para o desenvolvimento, a implementa\u00e7\u00e3o e a manuten\u00e7\u00e3o cont\u00ednuos do LODE e da Comunidade LODE financiando, divulgando e incentivando, entre outras atividades, as seguintes: Desenvolver e implementar diferentes tipos de software, como contratos inteligentes e dApps, acesso \u00e0 infraestrutura de cart\u00f5es, trocas descentralizadas, [&hellip;]<\/p>\n","protected":false},"author":1,"featured_media":0,"parent":0,"menu_order":0,"comment_status":"closed","ping_status":"closed","template":"","meta":{"_et_pb_use_builder":"on","_et_pb_old_content":"","_et_gb_content_width":"","footnotes":""},"class_list":["post-1967","page","type-page","status-publish","hentry"],"_links":{"self":[{"href":"https:\/\/lode.one\/pt-br\/wp-json\/wp\/v2\/pages\/1967","targetHints":{"allow":["GET"]}}],"collection":[{"href":"https:\/\/lode.one\/pt-br\/wp-json\/wp\/v2\/pages"}],"about":[{"href":"https:\/\/lode.one\/pt-br\/wp-json\/wp\/v2\/types\/page"}],"author":[{"embeddable":true,"href":"https:\/\/lode.one\/pt-br\/wp-json\/wp\/v2\/users\/1"}],"replies":[{"embeddable":true,"href":"https:\/\/lode.one\/pt-br\/wp-json\/wp\/v2\/comments?post=1967"}],"version-history":[{"count":1,"href":"https:\/\/lode.one\/pt-br\/wp-json\/wp\/v2\/pages\/1967\/revisions"}],"predecessor-version":[{"id":1970,"href":"https:\/\/lode.one\/pt-br\/wp-json\/wp\/v2\/pages\/1967\/revisions\/1970"}],"wp:attachment":[{"href":"https:\/\/lode.one\/pt-br\/wp-json\/wp\/v2\/media?parent=1967"}],"curies":[{"name":"wp","href":"https:\/\/api.w.org\/{rel}","templated":true}]}}