{"id":1826,"date":"2024-11-16T20:02:51","date_gmt":"2024-11-16T20:02:51","guid":{"rendered":"https:\/\/lode.one\/tmr\/"},"modified":"2025-01-09T04:03:02","modified_gmt":"2025-01-09T04:03:02","slug":"tmr","status":"publish","type":"page","link":"https:\/\/lode.one\/pt-br\/tmr\/","title":{"rendered":"TMR"},"content":{"rendered":"<p>[et_pb_section fb_built=&#8221;1&#8243; custom_padding_last_edited=&#8221;on|phone&#8221; _builder_version=&#8221;4.27.3&#8243; _module_preset=&#8221;default&#8221; background_image=&#8221;https:\/\/lode.one\/wp-content\/uploads\/2024\/11\/own-banker-copy-1.webp&#8221; custom_padding=&#8221;150px||200px||false|&#8221; custom_padding_tablet=&#8221;150px||200px||false|&#8221; custom_padding_phone=&#8221;100px||||false|false&#8221; global_colors_info=&#8221;{}&#8221;][et_pb_row column_structure=&#8221;1_2,1_2&#8243; _builder_version=&#8221;4.27.3&#8243; _module_preset=&#8221;default&#8221; global_colors_info=&#8221;{}&#8221;][et_pb_column type=&#8221;1_2&#8243; _builder_version=&#8221;4.27.3&#8243; _module_preset=&#8221;default&#8221; global_colors_info=&#8221;{}&#8221;][et_pb_text _builder_version=&#8221;4.27.3&#8243; _module_preset=&#8221;default&#8221; text_text_color=&#8221;#FFFFFF&#8221; text_font_size=&#8221;17px&#8221; header_font=&#8221;|700|||||||&#8221; header_text_color=&#8221;#FFFFFF&#8221; header_font_size=&#8221;40px&#8221; header_2_text_color=&#8221;#FFFFFF&#8221; global_colors_info=&#8221;{}&#8221;]<\/p>\n<h1>\u00c9 HORA DE VOC\u00ca SER SEU PR\u00d3PRIO BANQUEIRO<\/h1>\n<h2>VERDADEIRO OURO E PRATA DEFI<\/h2>\n<p>O LOD3 Finance DAO \u00e9 um protocolo financeiro de metais preciosos totalmente descentralizado e aut\u00f4nomo. O protocolo LOD3 abre o acesso global e democratiza o dinheiro lastreado em prata e ouro para o povo e pelo povo. O LOD3 realiza isso utilizando redes descentralizadas, EVM e tecnologia de blockchain Web3.  <\/p>\n<p>[\/et_pb_text][et_pb_signup mailchimp_list=&#8221;the morgan report|6cc0965fbd&#8221; use_custom_fields=&#8221;on&#8221; button_text=&#8221;ENVIAR&#8221; description=&#8221;<\/p>\n<p>AS PRIMEIRAS 100 PESSOAS QUE PREENCHEREM ESTE FORMUL\u00c1RIO RECEBER\u00c3O 15 AGX (PRATA) COMO CORTESIA DO <strong>MORGAN REPORT<\/strong><\/p>\n<p>&#8221; use_spam_service=&#8221;on&#8221; recaptcha_list=&#8221;lod3|lod3-0&#8243; _builder_version=&#8221;4.27.3&#8243; _module_preset=&#8221;default&#8221; header_level=&#8221;h1&#8243; header_font=&#8221;|700|||||||&#8221; header_text_color=&#8221;#0C71C3&#8243; body_font=&#8221;&#8211;et_global_heading_font|500|||||||&#8221; body_text_color=&#8221;#FFFFFF&#8221; body_font_size=&#8221;23px&#8221; background_color=&#8221;RGBA(255,255,255,0)&#8221; custom_button=&#8221;on&#8221; module_alignment=&#8221;center&#8221; custom_padding=&#8221;|0px||0px|false|true&#8221; hover_enabled=&#8221;0&#8243; locked=&#8221;off&#8221; global_colors_info=&#8221;{}&#8221; sticky_enabled=&#8221;0&#8243;][et_pb_signup_custom_field field_id=&#8221;3&#8243; field_title=&#8221;Address&#8221; field_type=&#8221;input&#8221; _builder_version=&#8221;4.27.3&#8243; _module_preset=&#8221;default&#8221; global_colors_info=&#8221;{}&#8221; predefined_field=&#8221;3&#8243;][\/et_pb_signup_custom_field][\/et_pb_signup][\/et_pb_column][et_pb_column type=&#8221;1_2&#8243; _builder_version=&#8221;4.27.3&#8243; _module_preset=&#8221;default&#8221; global_colors_info=&#8221;{}&#8221;][\/et_pb_column][\/et_pb_row][\/et_pb_section][et_pb_section fb_built=&#8221;1&#8243; _builder_version=&#8221;4.27.3&#8243; _module_preset=&#8221;default&#8221; background_image=&#8221;https:\/\/lode.one\/wp-content\/uploads\/2024\/11\/body-bg-scaled.webp&#8221; background_size=&#8221;stretch&#8221; custom_padding=&#8221;85px||85px||true|false&#8221; overflow-x_tablet=&#8221;&#8221; overflow-x_phone=&#8221;hidden&#8221; overflow-x_last_edited=&#8221;on|phone&#8221; locked=&#8221;off&#8221; global_colors_info=&#8221;{}&#8221;][et_pb_row column_structure=&#8221;1_3,1_3,1_3&#8243; module_id=&#8221;tokenomics&#8221; _builder_version=&#8221;4.27.2&#8243; _module_preset=&#8221;default&#8221; locked=&#8221;off&#8221; global_colors_info=&#8221;{}&#8221; global_module=&#8221;1000&#8243; theme_builder_area=&#8221;post_content&#8221;][et_pb_column type=&#8221;1_3&#8243; _builder_version=&#8221;4.25.2&#8243; _module_preset=&#8221;default&#8221; background_image=&#8221;https:\/\/lode.one\/wp-content\/uploads\/2024\/06\/BLURB-background.png&#8221; custom_padding=&#8221;30px|30px|30px|30px|true|true&#8221; animation_style=&#8221;flip&#8221; animation_direction=&#8221;left&#8221; hover_enabled=&#8221;0&#8243; border_radii=&#8221;on|15px|15px|15px|15px&#8221; box_shadow_style=&#8221;preset3&#8243; global_colors_info=&#8221;{}&#8221; theme_builder_area=&#8221;post_content&#8221; sticky_enabled=&#8221;0&#8243;][et_pb_blurb title=&#8221;$LOD3 TOKEN&#8221; image=&#8221;https:\/\/lode.one\/wp-content\/uploads\/2024\/11\/LODE_2025-large.png&#8221; image_icon_width=&#8221;60%&#8221; icon_alignment=&#8221;left&#8221; module_id=&#8221;lodeTokenContainer&#8221; _builder_version=&#8221;4.27.3&#8243; _module_preset=&#8221;default&#8221; header_text_color=&#8221;#FFFFFF&#8221; header_font_size=&#8221;28px&#8221; body_font=&#8221;|300|||||||&#8221; body_text_color=&#8221;#FFFFFF&#8221; background_enable_image=&#8221;off&#8221; border_radii=&#8221;on|15px|15px|15px|15px&#8221; box_shadow_style=&#8221;preset3&#8243; box_shadow_color=&#8221;RGBA(255,255,255,0)&#8221; theme_builder_area=&#8221;post_content&#8221; global_colors_info=&#8221;{%22gcid-7d4daf29-fbb7-45e3-b68f-99bef88f960a%22:%91%22header_3_text_color%22,%22header_3_text_color%22%93}&#8221; min_height=&#8221;380px&#8221;]<\/p>\n<p>O token $LOD3 \u00e9 o token de governan\u00e7a e utilidade no ecossistema. Ele alimenta tudo o que o LOD3 faz. <\/p>\n<p><strong>ENDERE\u00c7O DO CONTRATO:<\/strong><\/p>\n<p>[\/et_pb_blurb][et_pb_text _builder_version=&#8221;4.27.2&#8243; _module_preset=&#8221;default&#8221; text_text_color=&#8221;#FFFFFF&#8221; text_font_size=&#8221;18px&#8221; overflow-x=&#8221;auto&#8221; custom_margin=&#8221;-20px||||false|false&#8221; custom_padding=&#8221;10px|10px|10px|10px|true|true&#8221; border_radii=&#8221;on|5px|5px|5px|5px&#8221; border_width_all=&#8221;1px&#8221; border_color_all=&#8221;#898989&#8243; global_colors_info=&#8221;{}&#8221; theme_builder_area=&#8221;post_content&#8221;]<\/p>\n<p>[copy_inline text=&#8221;0xbbaaa0420d474b34be197f95a323c2ff3829e811&#8243; display=&#8221;0xbbaaa0420d47&#8230;&#8221;]<\/p>\n<p>[\/et_pb_text][et_pb_button button_url=&#8221;https:\/\/lodewallet.com\/&#8221; url_new_window=&#8221;on&#8221; button_text=&#8221;COMPRAR&#8221; _builder_version=&#8221;4.27.0&#8243; _module_preset=&#8221;default&#8221; global_colors_info=&#8221;{}&#8221; theme_builder_area=&#8221;post_content&#8221;][\/et_pb_button][\/et_pb_column][et_pb_column type=&#8221;1_3&#8243; _builder_version=&#8221;4.25.2&#8243; _module_preset=&#8221;default&#8221; background_image=&#8221;https:\/\/lode.one\/wp-content\/uploads\/2024\/06\/BLURB-background.png&#8221; custom_padding=&#8221;30px|30px|30px|30px|true|true&#8221; animation_style=&#8221;flip&#8221; border_radii=&#8221;on|15px|15px|15px|15px&#8221; box_shadow_style=&#8221;preset3&#8243; global_colors_info=&#8221;{}&#8221; theme_builder_area=&#8221;post_content&#8221;][et_pb_blurb title=&#8221;$AGX&#8221; image=&#8221;https:\/\/lode.one\/wp-content\/uploads\/2024\/06\/agx-token.png&#8221; image_icon_width=&#8221;71%&#8221; icon_alignment=&#8221;left&#8221; module_id=&#8221;agxTokenContainer&#8221; _builder_version=&#8221;4.27.3&#8243; _module_preset=&#8221;default&#8221; header_text_color=&#8221;#FFFFFF&#8221; header_font_size=&#8221;28px&#8221; body_font=&#8221;|300|||||||&#8221; body_text_color=&#8221;#FFFFFF&#8221; background_enable_image=&#8221;off&#8221; border_radii=&#8221;on|15px|15px|15px|15px&#8221; box_shadow_style=&#8221;preset3&#8243; box_shadow_color=&#8221;RGBA(255,255,255,0)&#8221; theme_builder_area=&#8221;post_content&#8221; global_colors_info=&#8221;{%22gcid-7d4daf29-fbb7-45e3-b68f-99bef88f960a%22:%91%22header_3_text_color%22,%22header_3_text_color%22%93}&#8221; min_height=&#8221;380px&#8221;]<\/p>\n<p class=\"p1\"><span>As AGX Coins s\u00e3o dinheiro digital de prata. Cada moeda \u00e9 100% respaldada por um grama de prata com grau de investimento de 99,99%, armazenada em um cofre, auditada e segurada. <\/span><\/p>\n<p class=\"p1\"><strong>ENDERE\u00c7O DO CONTRATO:<\/strong><\/p>\n<p>[\/et_pb_blurb][et_pb_text _builder_version=&#8221;4.27.2&#8243; _module_preset=&#8221;default&#8221; text_text_color=&#8221;#FFFFFF&#8221; text_font_size=&#8221;18px&#8221; overflow-x=&#8221;auto&#8221; custom_margin=&#8221;-20px||||false|false&#8221; custom_padding=&#8221;10px|10px|10px|10px|true|true&#8221; border_radii=&#8221;on|5px|5px|5px|5px&#8221; border_width_all=&#8221;1px&#8221; border_color_all=&#8221;#898989&#8243; locked=&#8221;off&#8221; global_colors_info=&#8221;{}&#8221; theme_builder_area=&#8221;post_content&#8221;]<\/p>\n<p>[copy_inline text=&#8221;0x13e7bcefdde72492e656f3fa58bae6029708e673&#8243; display=&#8221;0x13e7bcefdde72&#8230;&#8221;]<\/p>\n<p>[\/et_pb_text][et_pb_button button_url=&#8221;https:\/\/lodewallet.com\/&#8221; url_new_window=&#8221;on&#8221; button_text=&#8221;COMPRAR&#8221; _builder_version=&#8221;4.27.0&#8243; _module_preset=&#8221;default&#8221; locked=&#8221;off&#8221; global_colors_info=&#8221;{}&#8221; theme_builder_area=&#8221;post_content&#8221;][\/et_pb_button][\/et_pb_column][et_pb_column type=&#8221;1_3&#8243; _builder_version=&#8221;4.25.2&#8243; _module_preset=&#8221;default&#8221; background_image=&#8221;https:\/\/lode.one\/wp-content\/uploads\/2024\/06\/BLURB-background.png&#8221; custom_padding=&#8221;30px|30px|30px|30px|true|true&#8221; animation_style=&#8221;flip&#8221; animation_direction=&#8221;right&#8221; border_radii=&#8221;on|15px|15px|15px|15px&#8221; box_shadow_style=&#8221;preset3&#8243; global_colors_info=&#8221;{}&#8221; theme_builder_area=&#8221;post_content&#8221;][et_pb_blurb title=&#8221;$AUX&#8221; image=&#8221;https:\/\/lode.one\/wp-content\/uploads\/2024\/06\/aux-token.png&#8221; image_icon_width=&#8221;71%&#8221; icon_alignment=&#8221;left&#8221; module_id=&#8221;auxTokenContainer&#8221; _builder_version=&#8221;4.27.3&#8243; _module_preset=&#8221;default&#8221; header_text_color=&#8221;#FFFFFF&#8221; header_font_size=&#8221;28px&#8221; body_font=&#8221;|300|||||||&#8221; body_text_color=&#8221;#FFFFFF&#8221; background_enable_image=&#8221;off&#8221; hover_enabled=&#8221;0&#8243; border_radii=&#8221;on|15px|15px|15px|15px&#8221; box_shadow_style=&#8221;preset3&#8243; box_shadow_color=&#8221;RGBA(255,255,255,0)&#8221; global_colors_info=&#8221;{%22gcid-7d4daf29-fbb7-45e3-b68f-99bef88f960a%22:%91%22header_3_text_color%22%93}&#8221; theme_builder_area=&#8221;post_content&#8221; min_height=&#8221;380px&#8221; sticky_enabled=&#8221;0&#8243;]<\/p>\n<p class=\"p1\"><span>As AUX Coins s\u00e3o dinheiro digital em ouro. Cada moeda \u00e9 100% garantida por um miligrama de ouro puro de 99,99%, armazenado em um cofre, auditado e segurado. <\/span><\/p>\n<p><strong>ENDERE\u00c7O DO CONTRATO:<\/strong><\/p>\n<p>[\/et_pb_blurb][et_pb_text _builder_version=&#8221;4.27.2&#8243; _module_preset=&#8221;default&#8221; text_text_color=&#8221;#FFFFFF&#8221; text_font_size=&#8221;18px&#8221; overflow-x=&#8221;auto&#8221; custom_margin=&#8221;-20px||||false|false&#8221; custom_padding=&#8221;10px|10px|10px|10px|true|true&#8221; border_radii=&#8221;on|5px|5px|5px|5px&#8221; border_width_all=&#8221;1px&#8221; border_color_all=&#8221;#898989&#8243; locked=&#8221;off&#8221; global_colors_info=&#8221;{}&#8221; theme_builder_area=&#8221;post_content&#8221;]<\/p>\n<p>[copy_inline text=&#8221;0x68327a91e79f87f501bc8522fc333fb7a72393cb&#8221; display=&#8221;0x68327a91e79f8&#8230;&#8221;]<\/p>\n<p>[\/et_pb_text][et_pb_button button_url=&#8221;https:\/\/lodewallet.com\/&#8221; url_new_window=&#8221;on&#8221; button_text=&#8221;COMPRAR&#8221; _builder_version=&#8221;4.27.0&#8243; _module_preset=&#8221;default&#8221; locked=&#8221;off&#8221; global_colors_info=&#8221;{}&#8221; theme_builder_area=&#8221;post_content&#8221;][\/et_pb_button][\/et_pb_column][\/et_pb_row][\/et_pb_section][et_pb_section fb_built=&#8221;1&#8243; module_id=&#8221;carteira&#8221; _builder_version=&#8221;4.27.3&#8243; _module_preset=&#8221;default&#8221; background_color=&#8221;gcid-55cf94f6-dcca-448b-a9f4-2f3342ec889d&#8221; background_image=&#8221;https:\/\/lode.one\/wp-content\/uploads\/2024\/06\/wallet-screen.png&#8221; background_size=&#8221;custom&#8221; background_image_width=&#8221;51%&#8221; background_image_height=&#8221;100%&#8221; background_position=&#8221;center_left&#8221; background_horizontal_offset=&#8221;0%&#8221; background_last_edited=&#8221;on|phone&#8221; background_enable_image_tablet=&#8221;off&#8221; overflow-x_tablet=&#8221;&#8221; overflow-x_phone=&#8221;hidden&#8221; overflow-x_last_edited=&#8221;on|phone&#8221; locked=&#8221;off&#8221; global_colors_info=&#8221;{%22gcid-55cf94f6-dcca-448b-a9f4-2f3342ec889d%22:%91%22background_color%22%93}&#8221;][et_pb_row column_structure=&#8221;1_2,1_2&#8243; _builder_version=&#8221;4.25.2&#8243; _module_preset=&#8221;default&#8221; global_colors_info=&#8221;{}&#8221;][et_pb_column type=&#8221;1_2&#8243; _builder_version=&#8221;4.25.2&#8243; _module_preset=&#8221;default&#8221; global_colors_info=&#8221;{}&#8221;][\/et_pb_column][et_pb_column type=&#8221;1_2&#8243; _builder_version=&#8221;4.25.2&#8243; _module_preset=&#8221;default&#8221; global_colors_info=&#8221;{}&#8221;][et_pb_text _builder_version=&#8221;4.27.2&#8243; _module_preset=&#8221;default&#8221; text_font=&#8221;|300|||||||&#8221; text_text_color=&#8221;#FFFFFF&#8221; text_font_size=&#8221;20px&#8221; header_2_text_color=&#8221;#FFFFFF&#8221; header_2_font_size=&#8221;46px&#8221; header_3_text_color=&#8221;gcid-7d4daf29-fbb7-45e3-b68f-99bef88f960a&#8221; header_3_font_size=&#8221;24px&#8221; header_2_font_size_tablet=&#8221;46px&#8221; header_2_font_size_phone=&#8221;36px&#8221; header_2_font_size_last_edited=&#8221;on|phone&#8221; locked=&#8221;off&#8221; global_colors_info=&#8221;{%22gcid-7d4daf29-fbb7-45e3-b68f-99bef88f960a%22:%91%22header_3_text_color%22,%22header_3_text_color%22%93}&#8221;]<\/p>\n<h3>CARTEIRA<\/h3>\n<p>&nbsp;<\/p>\n<h2>DOMINE SEUS ATIVOS COM A CARTEIRA LOD3<\/h2>\n<p>&nbsp;<\/p>\n<h3>A NOVA CARTEIRA LOD3:<\/h3>\n<p>&#8211; Seguran\u00e7a aprimorada<br \/>&#8211; Interface amig\u00e1vel ao usu\u00e1rio<br \/>&#8211; Staking e recompensas<\/p>\n<p>[\/et_pb_text][et_pb_button button_url=&#8221;https:\/\/lodewallet.com\/&#8221; url_new_window=&#8221;on&#8221; button_text=&#8221;CRIAR UMA CARTEIRA&#8221; _builder_version=&#8221;4.27.2&#8243; _module_preset=&#8221;default&#8221; global_colors_info=&#8221;{}&#8221;][\/et_pb_button][et_pb_text _builder_version=&#8221;4.27.3&#8243; _module_preset=&#8221;default&#8221; text_font=&#8221;|300|||||||&#8221; text_text_color=&#8221;#FFFFFF&#8221; text_font_size=&#8221;20px&#8221; header_2_text_color=&#8221;#FFFFFF&#8221; header_2_font_size=&#8221;46px&#8221; header_3_text_color=&#8221;#FFFFFF&#8221; header_3_font_size=&#8221;18px&#8221; max_width=&#8221;65%&#8221; custom_padding=&#8221;20px|20px|20px|20px|true|true&#8221; hover_enabled=&#8221;0&#8243; border_radii=&#8221;on|20px|20px|20px|20px&#8221; border_width_all=&#8221;1px&#8221; locked=&#8221;off&#8221; global_colors_info=&#8221;{}&#8221; sticky_enabled=&#8221;0&#8243;]<\/p>\n<h3>INTEGRADO COM<\/h3>\n<p><img decoding=\"async\" class=\"wp-image-535 alignnone lazyload\" data-src=\"https:\/\/lode.one\/wp-content\/uploads\/2024\/10\/blue-walletconnect-logo-300x49.png\" alt=\"\" width=\"241\" height=\"39\" src=\"data:image\/gif;base64,R0lGODlhAQABAAAAACH5BAEKAAEALAAAAAABAAEAAAICTAEAOw==\" style=\"--smush-placeholder-width: 241px; --smush-placeholder-aspect-ratio: 241\/39;\"><\/p>\n<p>[\/et_pb_text][\/et_pb_column][\/et_pb_row][\/et_pb_section]<\/p>\n","protected":false},"excerpt":{"rendered":"<p>\u00c9 HORA DE VOC\u00ca SER SEU PR\u00d3PRIO BANQUEIRO VERDADEIRO OURO E PRATA DEFI O LOD3 Finance DAO \u00e9 um protocolo financeiro de metais preciosos totalmente descentralizado e aut\u00f4nomo. O protocolo LOD3 abre o acesso global e democratiza o dinheiro lastreado em prata e ouro para o povo e pelo povo. O LOD3 realiza isso utilizando redes descentralizadas, EVM e tecnologia de blockchain Web3. O token $LOD3 \u00e9 o token de governan\u00e7a e utilidade no ecossistema. Ele alimenta tudo o que o LOD3 faz. ENDERE\u00c7O DO CONTRATO:[copy_inline text=&#8221;0xbbaaa0420d474b34be197f95a323c2ff3829e811&#8243; display=&#8221;0xbbaaa0420d47&#8230;&#8221;]As AGX Coins s\u00e3o dinheiro digital de prata. Cada moeda \u00e9 100% respaldada por um grama de prata com grau de investimento de 99,99%, armazenada em um cofre, auditada e segurada. ENDERE\u00c7O DO CONTRATO:[copy_inline text=&#8221;0x13e7bcefdde72492e656f3fa58bae6029708e673&#8243; display=&#8221;0x13e7bcefdde72&#8230;&#8221;]As AUX Coins s\u00e3o dinheiro digital em ouro. Cada moeda \u00e9 100% garantida por um miligrama de ouro puro de 99,99%, armazenado em um cofre, auditado e segurado. ENDERE\u00c7O DO CONTRATO:[copy_inline text=&#8221;0x68327a91e79f87f501bc8522fc333fb7a72393cb&#8221; display=&#8221;0x68327a91e79f8&#8230;&#8221;]CARTEIRA &nbsp; DOMINE SEUS ATIVOS COM A CARTEIRA LOD3 &nbsp; A NOVA CARTEIRA LOD3: &#8211; Seguran\u00e7a aprimorada- Interface amig\u00e1vel ao usu\u00e1rio- Staking e recompensasINTEGRADO COM<\/p>\n","protected":false},"author":1,"featured_media":0,"parent":0,"menu_order":0,"comment_status":"closed","ping_status":"closed","template":"","meta":{"_et_pb_use_builder":"on","_et_pb_old_content":"","_et_gb_content_width":"","footnotes":""},"class_list":["post-1826","page","type-page","status-publish","hentry"],"_links":{"self":[{"href":"https:\/\/lode.one\/pt-br\/wp-json\/wp\/v2\/pages\/1826","targetHints":{"allow":["GET"]}}],"collection":[{"href":"https:\/\/lode.one\/pt-br\/wp-json\/wp\/v2\/pages"}],"about":[{"href":"https:\/\/lode.one\/pt-br\/wp-json\/wp\/v2\/types\/page"}],"author":[{"embeddable":true,"href":"https:\/\/lode.one\/pt-br\/wp-json\/wp\/v2\/users\/1"}],"replies":[{"embeddable":true,"href":"https:\/\/lode.one\/pt-br\/wp-json\/wp\/v2\/comments?post=1826"}],"version-history":[{"count":4,"href":"https:\/\/lode.one\/pt-br\/wp-json\/wp\/v2\/pages\/1826\/revisions"}],"predecessor-version":[{"id":1836,"href":"https:\/\/lode.one\/pt-br\/wp-json\/wp\/v2\/pages\/1826\/revisions\/1836"}],"wp:attachment":[{"href":"https:\/\/lode.one\/pt-br\/wp-json\/wp\/v2\/media?parent=1826"}],"curies":[{"name":"wp","href":"https:\/\/api.w.org\/{rel}","templated":true}]}}