{"id":1971,"date":"2024-12-16T21:13:52","date_gmt":"2024-12-16T21:13:52","guid":{"rendered":"https:\/\/lode.one\/avis-important\/"},"modified":"2025-01-09T04:19:34","modified_gmt":"2025-01-09T04:19:34","slug":"avis-important","status":"publish","type":"page","link":"https:\/\/lode.one\/fr\/avis-important\/","title":{"rendered":"AVIS IMPORTANT"},"content":{"rendered":"<p>[et_pb_section fb_built=\u00a0\u00bb1&Prime; _builder_version=\u00a0\u00bb4.27.4&Prime; _module_preset=\u00a0\u00bbdefault\u00a0\u00bb background_color=\u00a0\u00bb#2f4953&Prime; custom_padding=\u00a0\u00bb200px||||false|false\u00a0\u00bb global_colors_info=\u00a0\u00bb{}\u00a0\u00bb][et_pb_row _builder_version=\u00a0\u00bb4.27.4&Prime; _module_preset=\u00a0\u00bbdefault\u00a0\u00bb background_color=\u00a0\u00bb#FFFFFF\u00a0\u00bb custom_padding=\u00a0\u00bb100px|50px|100px|50px|true|true\u00a0\u00bb global_colors_info=\u00a0\u00bb{}\u00a0\u00bb][et_pb_column type=\u00a0\u00bb4_4&Prime; _builder_version=\u00a0\u00bb4.27.4&Prime; _module_preset=\u00a0\u00bbdefault\u00a0\u00bb global_colors_info=\u00a0\u00bb{}\u00a0\u00bb][et_pb_text _builder_version=\u00a0\u00bb4.27.4&Prime; _module_preset=\u00a0\u00bbdefault\u00a0\u00bb header_text_align=\u00a0\u00bbcenter\u00a0\u00bb hover_enabled=\u00a0\u00bb0&Prime; global_colors_info=\u00a0\u00bb{}\u00a0\u00bb sticky_enabled=\u00a0\u00bb0&Prime;]<\/p>\n<div class=\"et_pb_module et_pb_text et_pb_text_0 et_pb_text_align_left et_pb_bg_layout_light\">\n<div class=\"et_pb_text_inner\">\n<h1><strong>AVIS IMPORTANT<\/strong><\/h1>\n<h1><strong> <\/strong><\/h1>\n<p><strong> <\/strong>Le protocole LODE (\u00ab\u00a0LODE\u00a0\u00bb) est une plateforme informatique et un grand livre distribu\u00e9 \u00e0 code source ouvert bas\u00e9s sur Internet, compos\u00e9s de divers \u00e9l\u00e9ments \u00e9volutifs apport\u00e9s par une grande vari\u00e9t\u00e9 de participants et de fournisseurs de services professionnels. La LODE est construite par LODE (Switzerland) AG (\u00ab\u00a0LSA\u00a0\u00bb) et l&rsquo;Alliance des prestataires de services, qui est aliment\u00e9e par le token LODE. La LODE continue de se d\u00e9velopper et d&rsquo;\u00e9voluer gr\u00e2ce aux efforts de sa communaut\u00e9. L&rsquo;acc\u00e8s aux fonctions utilitaires du protocole LODE se fait par la d\u00e9tention et l&rsquo;utilisation du token LODE. Le nombre maximum de tokens LODE pouvant \u00eatre \u00e9mis est de 77 000 000. Le token LODE a \u00e9t\u00e9 enti\u00e8rement \u00e9mis par LODE GmbH, une filiale de LSA, dans le cadre de son accord d&rsquo;agent li\u00e9.     <\/p>\n<p>LSA, avec ses filiales et soci\u00e9t\u00e9s affili\u00e9es, est un membre actif de cette communaut\u00e9, \u00e0 la fois directement et indirectement, par le biais de ses programmes d&rsquo;amor\u00e7age et d&rsquo;investissement, ainsi que de divers fournisseurs de services. LSA contribue au d\u00e9veloppement, \u00e0 la mise en \u0153uvre et \u00e0 la maintenance de la LODE et de la communaut\u00e9 LODE en finan\u00e7ant, en faisant conna\u00eetre et en encourageant les activit\u00e9s suivantes, entre autres : <\/p>\n<ul>\n<li>d\u00e9velopper et mettre en \u0153uvre diff\u00e9rents types de logiciels, tels que les contrats intelligents et les dApps, l&rsquo;acc\u00e8s \u00e0 l&rsquo;infrastructure des cartes, les \u00e9changes d\u00e9centralis\u00e9s, les swaps\/mouvements, les sous-r\u00e9seaux, les API, les utilitaires et les mises \u00e0 niveau, les ponts vers d&rsquo;autres blockchains et les logiciels de connexion aux portefeuilles, et aider les autres \u00e0 faire de m\u00eame ;  <\/li>\n<li>le r\u00e9seau utilise et fonctionne avec un ou plusieurs n\u0153uds\/validateurs ;<\/li>\n<li>la cr\u00e9ation de contenus \u00e9crits, vid\u00e9o et autres sur des sites web, sur diverses plateformes de m\u00e9dias sociaux et ailleurs ; et<\/li>\n<li>d&rsquo;une mani\u00e8re g\u00e9n\u00e9rale, \u00eatre une ressource globale pour la communaut\u00e9 de diverses autres mani\u00e8res.<\/li>\n<\/ul>\n<p>La LODE est une organisation \u00e0 but non lucratif, mais certaines de ses activit\u00e9s peuvent g\u00e9n\u00e9rer des entr\u00e9es qui sont distribu\u00e9es dans des pools de liquidit\u00e9s par l&rsquo;interm\u00e9diaire de l&rsquo;infrastructure de contrat intelligent du token LODE au profit des d\u00e9tenteurs de tokens LODE et de l&rsquo;alliance des prestataires de services. La LODE a d\u00e9ploy\u00e9 un collecteur de frais en tant que contrat intelligent de pool qui permet de collecter des ressources provenant de plusieurs centres de profit et de distribuer les frais en tant que \u00ab\u00a0r\u00e9flexions de pool\u00a0\u00bb aux fournisseurs de services, aux chambres fortes et aux d\u00e9tenteurs de tokens LODE. <\/p>\n<p>LSA, ainsi que ses fournisseurs de services et d&rsquo;autres personnes et organisations associ\u00e9es, peuvent donner, recevoir, pr\u00eater, emprunter, acheter et vendre des jetons LODE et divers autres crypto-actifs (jetons fongibles ou non fongibles) cr\u00e9\u00e9s sur, ou associ\u00e9s \u00e0 LODE et aux contrats intelligents et dApps qui sont utilis\u00e9s par LODE. Ces transactions et transferts peuvent se produire sous forme de ventes priv\u00e9es de pair \u00e0 pair, et dans des transactions de march\u00e9 ouvertes via des \u00ab\u00a0ench\u00e8res n\u00e9erlandaises\u00a0\u00bb et \/ ou des \u00e9changes d\u00e9centralis\u00e9s (DEX) et d&rsquo;autres moyens. La LODE peut offrir ou recevoir des prix pr\u00e9f\u00e9rentiels dans certaines transactions, g\u00e9n\u00e9ralement en fonction du volume.  <\/p>\n<p>L&rsquo;ensemble des logiciels, contenus et activit\u00e9s susmentionn\u00e9s sont d\u00e9sign\u00e9s dans le pr\u00e9sent avis comme les \u00ab\u00a0logiciels, contenus et activit\u00e9s\u00a0\u00bb de la LODE. La LODE per\u00e7oit parfois des droits en rapport avec ses logiciels, contenus et activit\u00e9s, parfois non. <\/p>\n<p>Sauf indication contraire, LSA ne fait aucune d\u00e9claration, ne donne aucune garantie et ne prend aucun engagement concernant la LODE ou l&rsquo;un quelconque de ses logiciels, contenus et activit\u00e9s, que ce soit de mani\u00e8re expresse ou implicite, y compris, mais sans s&rsquo;y limiter, les garanties de conformit\u00e9, d&rsquo;exactitude, de fiabilit\u00e9, de validit\u00e9, de qualit\u00e9 marchande, d&rsquo;ad\u00e9quation \u00e0 un usage particulier, de qualit\u00e9, de disponibilit\u00e9, de durabilit\u00e9 et d&rsquo;absence de contrefa\u00e7on, ou concernant le fait que l&rsquo;un quelconque de ces \u00e9l\u00e9ments est ininterrompu, exempt d&rsquo;erreurs, de composants nocifs ou s\u00e9curis\u00e9. LSA et ses fournisseurs de services ne sont pas responsables des actions, proc\u00e9dures, r\u00e9clamations, dommages, d\u00e9penses ou autres responsabilit\u00e9s, que ce soit dans le cadre d&rsquo;une action contractuelle, d\u00e9lictuelle ou autre, d\u00e9coulant de la LODE ou de ses logiciels, contenus et activit\u00e9s, ou de l&rsquo;utilisation ou d&rsquo;autres op\u00e9rations li\u00e9es \u00e0 l&rsquo;un d&rsquo;entre eux, ou de la confiance qui leur est accord\u00e9e. <\/p>\n<p>Pour \u00e9viter toute confusion de la part des personnes qui interagissent avec la LODE, il est important que le grand public comprenne ce qui suit :<\/p>\n<ul>\n<li><strong>Le protocole LODE est une plateforme d\u00e9centralis\u00e9e et sans autorisation.<\/strong>  Il n&rsquo;y a pas de source unique de v\u00e9rit\u00e9, pas de point unique de d\u00e9faillance, et aucune personne ou autorit\u00e9 n&rsquo;a la capacit\u00e9 ou le pouvoir d&rsquo;apporter des modifications aux donn\u00e9es, au logiciel ou aux contrats intelligents qui font partie de la blockchain ou d&rsquo;admettre des utilisateurs. La LODE n&rsquo;a pas plus de pouvoir inh\u00e9rent que n&rsquo;importe quel autre participant pour ajouter, modifier ou interf\u00e9rer de toute autre mani\u00e8re avec une blockchain publique.   <strong>La LODE ne la contr\u00f4le pas et n&rsquo;a pas la capacit\u00e9 de modifier les donn\u00e9es, les transferts ou tout autre \u00e9l\u00e9ment enregistr\u00e9 dans la blockchain.  <\/strong>Il en va de m\u00eame pour les sous-r\u00e9seaux et les cha\u00eenes lat\u00e9rales.<\/li>\n<\/ul>\n<ul>\n<li><strong>Lorsque vous utilisez le protocole LODE, vous le faites \u00e0 vos risques et p\u00e9rils.<\/strong> <\/li>\n<li>Nous <strong>vous recommandons de faire vos propres recherches avant d&rsquo;utiliser le protocole LODE, le logiciel, le contenu et les activit\u00e9s de la LODE et\/ou les sous-r\u00e9seaux ou portefeuilles Web3 de tierces parties <\/strong>. Tenez-vous au courant des mises \u00e0 jour et des d\u00e9veloppements. <u><\/u> <\/li>\n<li>Sauf si la LSA vous informe par \u00e9crit du contraire, elle n&rsquo;est pas responsable du protocole LODE, de son fonctionnement, des activit\u00e9s, des transactions effectu\u00e9es ou des contrats intelligents fonctionnant sur celui-ci ou de tout logiciel associ\u00e9 (qu&rsquo;il s&rsquo;agisse ou non du logiciel, du contenu et des activit\u00e9s de la LODE), et n&rsquo;offre aucune garantie \u00e0 cet \u00e9gard.<\/li>\n<li>La LODE s&rsquo;efforce de respecter les lois, r\u00e8gles et obligations contractuelles applicables \u00e0 l&rsquo;ensemble de ses logiciels, contenus et activit\u00e9s. Toutefois, ce paysage est en constante \u00e9volution et diff\u00e8re d&rsquo;une juridiction \u00e0 l&rsquo;autre. <strong>Il vous incombe de mener votre propre enqu\u00eate pour vous assurer que votre activit\u00e9 li\u00e9e au protocole de la LODE est conforme \u00e0 l&rsquo;ensemble des lois, r\u00e8gles et obligations contractuelles applicables<\/strong>. <\/li>\n<li>Vous devrez notamment respecter tous les termes et conditions, les licences de logiciels, les sp\u00e9cifications et la programmation associ\u00e9s \u00e0 tout ce que vous utilisez.<\/li>\n<li><strong>Vous \u00eates seul responsable des cl\u00e9s priv\u00e9es\/secr\u00e8tes et des phrases d&rsquo;amor\u00e7age de votre portefeuille blockchain non gardien de la LODE<\/strong>. Veillez \u00e0 ne pas les perdre ou \u00e0 ne pas les partager avec quelqu&rsquo;un d&rsquo;autre. Une fois perdues, il n&rsquo;y a rien \u00e0 faire pour r\u00e9cup\u00e9rer l&rsquo;acc\u00e8s \u00e0 votre portefeuille de blockchain et\/ou \u00e0 vos actifs num\u00e9riques.  <\/li>\n<li>Chaque fois que la LODE \u00e9tablit un lien avec un tiers, le cite ou y fait r\u00e9f\u00e9rence d&rsquo;une autre mani\u00e8re, ou reproduit ou incorpore ses informations, son contenu ou ses \u00e9l\u00e9ments, c&rsquo;est uniquement \u00e0 titre d&rsquo;information, et la LODE n&rsquo;en a pas v\u00e9rifi\u00e9 l&rsquo;exactitude.<\/li>\n<li><strong>LSA ne saurait trop insister sur ce point<\/strong>: soyez prudent et faites toujours preuve de diligence raisonnable avant de vous engager avec le protocole LODE et tous ses composants, contrats intelligents, dApps, sous-r\u00e9seaux et utilitaires, ind\u00e9pendamment de qui les a construits ou mis en \u0153uvre, y compris, mais sans s&rsquo;y limiter, tous les portefeuilles utilis\u00e9s en relation avec lui. En d&rsquo;autres termes, soyez curieux et prudent. Faites vos devoirs et ne pr\u00e9sumez pas que quelque chose est correct ou fonctionnera d&rsquo;une certaine mani\u00e8re sans le v\u00e9rifier au pr\u00e9alable.  <\/li>\n<li><strong>Lorsque LSA parle d&rsquo;id\u00e9es ou de perspectives d&rsquo;avenir, elle exprime sa vision et ses espoirs, et il n&rsquo;y a pas d&rsquo;engagement ou de garantie que cela se r\u00e9alisera, que cela sera mis en \u0153uvre ou que cela fonctionnera<\/strong>. Le monde change rapidement. La technologie \u00e9volue \u00e0 la vitesse des affaires, et LSA ne peut pas pr\u00e9dire comment les choses vont se passer, et ses aspirations et pr\u00e9dictions peuvent ne pas \u00eatre fiables. Examinez attentivement toutes les communications, les mises \u00e0 jour et les versions de logiciels, ainsi que les dates qui y sont associ\u00e9es, afin de vous assurer que vous utilisez le logiciel le plus r\u00e9cent.   <\/li>\n<\/ul>\n<\/div>\n<\/div>\n<p>[\/et_pb_text][\/et_pb_column][\/et_pb_row][\/et_pb_section]<\/p>\n","protected":false},"excerpt":{"rendered":"<p>AVIS IMPORTANT Le protocole LODE (\u00ab\u00a0LODE\u00a0\u00bb) est une plateforme informatique et un grand livre distribu\u00e9 \u00e0 code source ouvert bas\u00e9s sur Internet, compos\u00e9s de divers \u00e9l\u00e9ments \u00e9volutifs apport\u00e9s par une grande vari\u00e9t\u00e9 de participants et de fournisseurs de services professionnels. La LODE est construite par LODE (Switzerland) AG (\u00ab\u00a0LSA\u00a0\u00bb) et l&rsquo;Alliance des prestataires de services, qui est aliment\u00e9e par le token LODE. La LODE continue de se d\u00e9velopper et d&rsquo;\u00e9voluer gr\u00e2ce aux efforts de sa communaut\u00e9. L&rsquo;acc\u00e8s aux fonctions utilitaires du protocole LODE se fait par la d\u00e9tention et l&rsquo;utilisation du token LODE. Le nombre maximum de tokens LODE pouvant \u00eatre \u00e9mis est de 77 000 000. Le token LODE a \u00e9t\u00e9 enti\u00e8rement \u00e9mis par LODE GmbH, une filiale de LSA, dans le cadre de son accord d&rsquo;agent li\u00e9. LSA, avec ses filiales et soci\u00e9t\u00e9s affili\u00e9es, est un membre actif de cette communaut\u00e9, \u00e0 la fois directement et indirectement, par le biais de ses programmes d&rsquo;amor\u00e7age et d&rsquo;investissement, ainsi que de divers fournisseurs de services. LSA contribue au d\u00e9veloppement, \u00e0 la mise en \u0153uvre et \u00e0 la maintenance de la LODE et de la communaut\u00e9 LODE en finan\u00e7ant, en faisant conna\u00eetre et en encourageant les activit\u00e9s suivantes, entre autres : [&hellip;]<\/p>\n","protected":false},"author":1,"featured_media":0,"parent":0,"menu_order":0,"comment_status":"closed","ping_status":"closed","template":"","meta":{"_et_pb_use_builder":"on","_et_pb_old_content":"","_et_gb_content_width":"","footnotes":""},"class_list":["post-1971","page","type-page","status-publish","hentry"],"_links":{"self":[{"href":"https:\/\/lode.one\/fr\/wp-json\/wp\/v2\/pages\/1971","targetHints":{"allow":["GET"]}}],"collection":[{"href":"https:\/\/lode.one\/fr\/wp-json\/wp\/v2\/pages"}],"about":[{"href":"https:\/\/lode.one\/fr\/wp-json\/wp\/v2\/types\/page"}],"author":[{"embeddable":true,"href":"https:\/\/lode.one\/fr\/wp-json\/wp\/v2\/users\/1"}],"replies":[{"embeddable":true,"href":"https:\/\/lode.one\/fr\/wp-json\/wp\/v2\/comments?post=1971"}],"version-history":[{"count":1,"href":"https:\/\/lode.one\/fr\/wp-json\/wp\/v2\/pages\/1971\/revisions"}],"predecessor-version":[{"id":1974,"href":"https:\/\/lode.one\/fr\/wp-json\/wp\/v2\/pages\/1971\/revisions\/1974"}],"wp:attachment":[{"href":"https:\/\/lode.one\/fr\/wp-json\/wp\/v2\/media?parent=1971"}],"curies":[{"name":"wp","href":"https:\/\/api.w.org\/{rel}","templated":true}]}}