{"id":1831,"date":"2024-11-16T20:02:51","date_gmt":"2024-11-16T20:02:51","guid":{"rendered":"https:\/\/lode.one\/tmr\/"},"modified":"2025-01-09T04:03:02","modified_gmt":"2025-01-09T04:03:02","slug":"tmr","status":"publish","type":"page","link":"https:\/\/lode.one\/fr\/tmr\/","title":{"rendered":"TMR"},"content":{"rendered":"<p>[et_pb_section fb_built=\u00a0\u00bb1&Prime; custom_padding_last_edited=\u00a0\u00bbon|phone\u00a0\u00bb _builder_version=\u00a0\u00bb4.27.3&Prime; _module_preset=\u00a0\u00bbdefault\u00a0\u00bb background_image=\u00a0\u00bbhttps:\/\/lode.one\/wp-content\/uploads\/2024\/11\/own-banker-copy-1.webp\u00a0\u00bb custom_padding=\u00a0\u00bb150px||200px||false|\u00a0\u00bb custom_padding_tablet=\u00a0\u00bb150px||200px||false|\u00a0\u00bb custom_padding_phone=\u00a0\u00bb100px||||false|false\u00a0\u00bb global_colors_info=\u00a0\u00bb{}\u00a0\u00bb][et_pb_row column_structure=\u00a0\u00bb1_2,1_2&Prime; _builder_version=\u00a0\u00bb4.27.3&Prime; _module_preset=\u00a0\u00bbdefault\u00a0\u00bb global_colors_info=\u00a0\u00bb{}\u00a0\u00bb][et_pb_column type=\u00a0\u00bb1_2&Prime; _builder_version=\u00a0\u00bb4.27.3&Prime; _module_preset=\u00a0\u00bbdefault\u00a0\u00bb global_colors_info=\u00a0\u00bb{}\u00a0\u00bb][et_pb_text _builder_version=\u00a0\u00bb4.27.3&Prime; _module_preset=\u00a0\u00bbdefault\u00a0\u00bb text_text_color=\u00a0\u00bb#FFFFFF\u00a0\u00bb text_font_size=\u00a0\u00bb17px\u00a0\u00bb header_font=\u00a0\u00bb|700|||||||\u00a0\u00bb header_text_color=\u00a0\u00bb#FFFFFF\u00a0\u00bb header_font_size=\u00a0\u00bb40px\u00a0\u00bb header_2_text_color=\u00a0\u00bb#FFFFFF\u00a0\u00bb global_colors_info=\u00a0\u00bb{}\u00a0\u00bb]<\/p>\n<h1>IL EST TEMPS D&rsquo;\u00caTRE VOTRE PROPRE BANQUIER<\/h1>\n<h2>L&rsquo;OR ET L&rsquo;ARGENT V\u00c9RITABLES DEFI<\/h2>\n<p>LOD3 Finance DAO est un protocole de financement des m\u00e9taux pr\u00e9cieux enti\u00e8rement d\u00e9centralis\u00e9 et autonome. Le protocole LOD3 ouvre l&rsquo;acc\u00e8s mondial et d\u00e9mocratise l&rsquo;argent adoss\u00e9 \u00e0 l&rsquo;argent et \u00e0 l&rsquo;or pour le peuple par le peuple. LOD3 accomplit cela en utilisant les r\u00e9seaux d\u00e9centralis\u00e9s, EVM et la technologie blockchain Web3.  <\/p>\n<p>[\/et_pb_text][et_pb_signup mailchimp_list=\u00a0\u00bbthe morgan report|6cc0965fbd\u00a0\u00bb use_custom_fields=\u00a0\u00bbon\u00a0\u00bb button_text=\u00a0\u00bbENVOYER\u00a0\u00bb description=\u00a0\u00bb<\/p>\n<p>LES 100 PREMI\u00c8RES PERSONNES QUI REMPLIRONT CE FORMULAIRE RECEVRONT 15 AGX (ARGENT) OFFERTS PAR LE <strong>RAPPORT MORGAN<\/strong><\/p>\n<p>\u00a0\u00bb use_spam_service=\u00a0\u00bbon\u00a0\u00bb recaptcha_list=\u00a0\u00bblod3|lod3-0&Prime; _builder_version=\u00a0\u00bb4.27.3&Prime; _module_preset=\u00a0\u00bbdefault\u00a0\u00bb header_level=\u00a0\u00bbh1&Prime; header_font=\u00a0\u00bb|700|||||||\u00a0\u00bb header_text_color=\u00a0\u00bb#0C71C3&Prime; body_font=\u00a0\u00bb&#8211;et_global_heading_font|500|||||||\u00a0\u00bb body_text_color=\u00a0\u00bb#FFFFFF\u00a0\u00bb body_font_size=\u00a0\u00bb23px\u00a0\u00bb background_color=\u00a0\u00bbRGBA(255,255,255,0)\u00a0\u00bb custom_button=\u00a0\u00bbon\u00a0\u00bb module_alignment=\u00a0\u00bbcenter\u00a0\u00bb custom_padding=\u00a0\u00bb|0px||0px|false|true\u00a0\u00bb hover_enabled=\u00a0\u00bb0&Prime; locked=\u00a0\u00bboff\u00a0\u00bb global_colors_info=\u00a0\u00bb{}\u00a0\u00bb sticky_enabled=\u00a0\u00bb0&Prime;][et_pb_signup_custom_field field_id=\u00a0\u00bb3&Prime; field_title=\u00a0\u00bbAddress\u00a0\u00bb field_type=\u00a0\u00bbinput\u00a0\u00bb _builder_version=\u00a0\u00bb4.27.3&Prime; _module_preset=\u00a0\u00bbdefault\u00a0\u00bb global_colors_info=\u00a0\u00bb{}\u00a0\u00bb predefined_field=\u00a0\u00bb3&Prime;][\/et_pb_signup_custom_field][\/et_pb_signup][\/et_pb_column][et_pb_column type=\u00a0\u00bb1_2&Prime; _builder_version=\u00a0\u00bb4.27.3&Prime; _module_preset=\u00a0\u00bbdefault\u00a0\u00bb global_colors_info=\u00a0\u00bb{}\u00a0\u00bb][\/et_pb_column][\/et_pb_row][\/et_pb_section][et_pb_section fb_built=\u00a0\u00bb1&Prime; _builder_version=\u00a0\u00bb4.27.3&Prime; _module_preset=\u00a0\u00bbdefault\u00a0\u00bb background_image=\u00a0\u00bbhttps:\/\/lode.one\/wp-content\/uploads\/2024\/11\/body-bg-scaled.webp\u00a0\u00bb background_size=\u00a0\u00bbstretch\u00a0\u00bb custom_padding=\u00a0\u00bb85px||85px||true|false\u00a0\u00bb overflow-x_tablet=\u00a0\u00bb\u00a0\u00bb overflow-x_phone=\u00a0\u00bbhidden\u00a0\u00bb overflow-x_last_edited=\u00a0\u00bbon|phone\u00a0\u00bb locked=\u00a0\u00bboff\u00a0\u00bb global_colors_info=\u00a0\u00bb{}\u00a0\u00bb][et_pb_row column_structure=\u00a0\u00bb1_3,1_3,1_3&Prime; module_id=\u00a0\u00bbtokenomics\u00a0\u00bb _builder_version=\u00a0\u00bb4.27.2&Prime; _module_preset=\u00a0\u00bbdefault\u00a0\u00bb locked=\u00a0\u00bboff\u00a0\u00bb global_colors_info=\u00a0\u00bb{}\u00a0\u00bb global_module=\u00a0\u00bb1000&Prime; theme_builder_area=\u00a0\u00bbpost_content\u00a0\u00bb][et_pb_column type=\u00a0\u00bb1_3&Prime; _builder_version=\u00a0\u00bb4.25.2&Prime; _module_preset=\u00a0\u00bbdefault\u00a0\u00bb background_image=\u00a0\u00bbhttps:\/\/lode.one\/wp-content\/uploads\/2024\/06\/BLURB-background.png\u00a0\u00bb custom_padding=\u00a0\u00bb30px|30px|30px|30px|true|true\u00a0\u00bb animation_style=\u00a0\u00bbflip\u00a0\u00bb animation_direction=\u00a0\u00bbleft\u00a0\u00bb hover_enabled=\u00a0\u00bb0&Prime; border_radii=\u00a0\u00bbon|15px|15px|15px|15px\u00a0\u00bb box_shadow_style=\u00a0\u00bbpreset3&Prime; global_colors_info=\u00a0\u00bb{}\u00a0\u00bb theme_builder_area=\u00a0\u00bbpost_content\u00a0\u00bb sticky_enabled=\u00a0\u00bb0&Prime;][et_pb_blurb title=\u00a0\u00bbTOKEN $LOD3&Prime; image=\u00a0\u00bbhttps:\/\/lode.one\/wp-content\/uploads\/2024\/11\/LODE_2025-large.png\u00a0\u00bb image_icon_width=\u00a0\u00bb60%\u00a0\u00bb icon_alignment=\u00a0\u00bbleft\u00a0\u00bb module_id=\u00a0\u00bblodeTokenContainer\u00a0\u00bb _builder_version=\u00a0\u00bb4.27.3&Prime; _module_preset=\u00a0\u00bbdefault\u00a0\u00bb header_text_color=\u00a0\u00bb#FFFFFF\u00a0\u00bb header_font_size=\u00a0\u00bb28px\u00a0\u00bb body_font=\u00a0\u00bb|300|||||||\u00a0\u00bb body_text_color=\u00a0\u00bb#FFFFFF\u00a0\u00bb background_enable_image=\u00a0\u00bboff\u00a0\u00bb border_radii=\u00a0\u00bbon|15px|15px|15px|15px\u00a0\u00bb box_shadow_style=\u00a0\u00bbpreset3&Prime; box_shadow_color=\u00a0\u00bbRGBA(255,255,255,0)\u00a0\u00bb theme_builder_area=\u00a0\u00bbpost_content\u00a0\u00bb global_colors_info=\u00a0\u00bb{%22gcid-7d4daf29-fbb7-45e3-b68f-99bef88f960a%22:%91%22header_3_text_color%22,%22header_3_text_color%22%93}\u00a0\u00bb min_height=\u00a0\u00bb380px\u00a0\u00bb]<\/p>\n<p>Le jeton $LOD3 est le jeton de gouvernance et d&rsquo;utilit\u00e9 de l&rsquo;\u00e9cosyst\u00e8me. Il alimente tout ce que fait LOD3. <\/p>\n<p><strong>ADRESSE DU CONTRAT :<\/strong><\/p>\n<p>[\/et_pb_blurb][et_pb_text _builder_version=\u00a0\u00bb4.27.2&Prime; _module_preset=\u00a0\u00bbdefault\u00a0\u00bb text_text_color=\u00a0\u00bb#FFFFFF\u00a0\u00bb text_font_size=\u00a0\u00bb18px\u00a0\u00bb overflow-x=\u00a0\u00bbauto\u00a0\u00bb custom_margin=\u00a0\u00bb-20px||||false|false\u00a0\u00bb custom_padding=\u00a0\u00bb10px|10px|10px|10px|true|true\u00a0\u00bb border_radii=\u00a0\u00bbon|5px|5px|5px|5px\u00a0\u00bb border_width_all=\u00a0\u00bb1px\u00a0\u00bb border_color_all=\u00a0\u00bb#898989&Prime; global_colors_info=\u00a0\u00bb{}\u00a0\u00bb theme_builder_area=\u00a0\u00bbpost_content\u00a0\u00bb]<\/p>\n<p>[copy_inline text=\u00a0\u00bb0xbbaaa0420d474b34be197f95a323c2ff3829e811&Prime; display=\u00a0\u00bb0xbbaaa0420d47&#8230;\u00a0\u00bb]<\/p>\n<p>[\/et_pb_text][et_pb_button button_url=\u00a0\u00bbhttps:\/\/lodewallet.com\/\u00a0\u00bb url_new_window=\u00a0\u00bbon\u00a0\u00bb button_text=\u00a0\u00bbACHETER\u00a0\u00bb _builder_version=\u00a0\u00bb4.27.0&Prime; _module_preset=\u00a0\u00bbdefault\u00a0\u00bb global_colors_info=\u00a0\u00bb{}\u00a0\u00bb theme_builder_area=\u00a0\u00bbpost_content\u00a0\u00bb][\/et_pb_button][\/et_pb_column][et_pb_column type=\u00a0\u00bb1_3&Prime; _builder_version=\u00a0\u00bb4.25.2&Prime; _module_preset=\u00a0\u00bbdefault\u00a0\u00bb background_image=\u00a0\u00bbhttps:\/\/lode.one\/wp-content\/uploads\/2024\/06\/BLURB-background.png\u00a0\u00bb custom_padding=\u00a0\u00bb30px|30px|30px|30px|true|true\u00a0\u00bb animation_style=\u00a0\u00bbflip\u00a0\u00bb border_radii=\u00a0\u00bbon|15px|15px|15px|15px\u00a0\u00bb box_shadow_style=\u00a0\u00bbpreset3&Prime; global_colors_info=\u00a0\u00bb{}\u00a0\u00bb theme_builder_area=\u00a0\u00bbpost_content\u00a0\u00bb][et_pb_blurb title=\u00a0\u00bbAGX\u00a0\u00bb image=\u00a0\u00bbhttps:\/\/lode.one\/wp-content\/uploads\/2024\/06\/agx-token.png\u00a0\u00bb image_icon_width=\u00a0\u00bb71%\u00a0\u00bb icon_alignment=\u00a0\u00bbleft\u00a0\u00bb module_id=\u00a0\u00bbagxTokenContainer\u00a0\u00bb _builder_version=\u00a0\u00bb4.27.3&Prime; _module_preset=\u00a0\u00bbdefault\u00a0\u00bb header_text_color=\u00a0\u00bb#FFFFFF\u00a0\u00bb header_font_size=\u00a0\u00bb28px\u00a0\u00bb body_font=\u00a0\u00bb|300|||||||\u00a0\u00bb body_text_color=\u00a0\u00bb#FFFFFF\u00a0\u00bb background_enable_image=\u00a0\u00bboff\u00a0\u00bb border_radii=\u00a0\u00bbon|15px|15px|15px|15px\u00a0\u00bb box_shadow_style=\u00a0\u00bbpreset3&Prime; box_shadow_color=\u00a0\u00bbRGBA(255,255,255,0)\u00a0\u00bb theme_builder_area=\u00a0\u00bbpost_content\u00a0\u00bb global_colors_info=\u00a0\u00bb{%22gcid-7d4daf29-fbb7-45e3-b68f-99bef88f960a%22:%91%22header_3_text_color%22,%22header_3_text_color%22%93}\u00a0\u00bb min_height=\u00a0\u00bb380px\u00a0\u00bb]<\/p>\n<p class=\"p1\"><span>Les pi\u00e8ces AGX sont de l&rsquo;argent num\u00e9rique. Chaque pi\u00e8ce est garantie \u00e0 100 % par un gramme d&rsquo;argent de qualit\u00e9 99,99 %. <\/span><\/p>\n<p class=\"p1\"><strong>ADRESSE DU CONTRAT :<\/strong><\/p>\n<p>[\/et_pb_blurb][et_pb_text _builder_version=\u00a0\u00bb4.27.2&Prime; _module_preset=\u00a0\u00bbdefault\u00a0\u00bb text_text_color=\u00a0\u00bb#FFFFFF\u00a0\u00bb text_font_size=\u00a0\u00bb18px\u00a0\u00bb overflow-x=\u00a0\u00bbauto\u00a0\u00bb custom_margin=\u00a0\u00bb-20px||||false|false\u00a0\u00bb custom_padding=\u00a0\u00bb10px|10px|10px|10px|true|true\u00a0\u00bb border_radii=\u00a0\u00bbon|5px|5px|5px|5px\u00a0\u00bb border_width_all=\u00a0\u00bb1px\u00a0\u00bb border_color_all=\u00a0\u00bb#898989&Prime; locked=\u00a0\u00bboff\u00a0\u00bb global_colors_info=\u00a0\u00bb{}\u00a0\u00bb theme_builder_area=\u00a0\u00bbpost_content\u00a0\u00bb]<\/p>\n<p>[copy_inline text=\u00a0\u00bb0x13e7bcefdde72492e656f3fa58bae6029708e673&Prime; display=\u00a0\u00bb0x13e7bcefdde72&#8230;\u00a0\u00bb]<\/p>\n<p>[\/et_pb_text][et_pb_button button_url=\u00a0\u00bbhttps:\/\/lodewallet.com\/\u00a0\u00bb url_new_window=\u00a0\u00bbon\u00a0\u00bb button_text=\u00a0\u00bbACHETER\u00a0\u00bb _builder_version=\u00a0\u00bb4.27.0&Prime; _module_preset=\u00a0\u00bbdefault\u00a0\u00bb locked=\u00a0\u00bboff\u00a0\u00bb global_colors_info=\u00a0\u00bb{}\u00a0\u00bb theme_builder_area=\u00a0\u00bbpost_content\u00a0\u00bb][\/et_pb_button][\/et_pb_column][et_pb_column type=\u00a0\u00bb1_3&Prime; _builder_version=\u00a0\u00bb4.25.2&Prime; _module_preset=\u00a0\u00bbdefault\u00a0\u00bb background_image=\u00a0\u00bbhttps:\/\/lode.one\/wp-content\/uploads\/2024\/06\/BLURB-background.png\u00a0\u00bb custom_padding=\u00a0\u00bb30px|30px|30px|30px|true|true\u00a0\u00bb animation_style=\u00a0\u00bbflip\u00a0\u00bb animation_direction=\u00a0\u00bbright\u00a0\u00bb border_radii=\u00a0\u00bbon|15px|15px|15px|15px\u00a0\u00bb box_shadow_style=\u00a0\u00bbpreset3&Prime; global_colors_info=\u00a0\u00bb{}\u00a0\u00bb theme_builder_area=\u00a0\u00bbpost_content\u00a0\u00bb][et_pb_blurb title=\u00a0\u00bb$AUX\u00a0\u00bb image=\u00a0\u00bbhttps:\/\/lode.one\/wp-content\/uploads\/2024\/06\/aux-token.png\u00a0\u00bb image_icon_width=\u00a0\u00bb71%\u00a0\u00bb icon_alignment=\u00a0\u00bbleft\u00a0\u00bb module_id=\u00a0\u00bbauxTokenContainer\u00a0\u00bb _builder_version=\u00a0\u00bb4.27.3&Prime; _module_preset=\u00a0\u00bbdefault\u00a0\u00bb header_text_color=\u00a0\u00bb#FFFFFF\u00a0\u00bb header_font_size=\u00a0\u00bb28px\u00a0\u00bb body_font=\u00a0\u00bb|300|||||||\u00a0\u00bb body_text_color=\u00a0\u00bb#FFFFFF\u00a0\u00bb background_enable_image=\u00a0\u00bboff\u00a0\u00bb hover_enabled=\u00a0\u00bb0&Prime; border_radii=\u00a0\u00bbon|15px|15px|15px|15px\u00a0\u00bb box_shadow_style=\u00a0\u00bbpreset3&Prime; box_shadow_color=\u00a0\u00bbRGBA(255,255,255,0)\u00a0\u00bb global_colors_info=\u00a0\u00bb{%22gcid-7d4daf29-fbb7-45e3-b68f-99bef88f960a%22:%91%22header_3_text_color%22%93}\u00a0\u00bb theme_builder_area=\u00a0\u00bbpost_content\u00a0\u00bb min_height=\u00a0\u00bb380px\u00a0\u00bb sticky_enabled=\u00a0\u00bb0&Prime;]<\/p>\n<p class=\"p1\"><span>Les pi\u00e8ces AUX sont des monnaies d&rsquo;or num\u00e9riques. Chaque pi\u00e8ce est garantie \u00e0 100 % par un milligramme d&rsquo;or pur \u00e0 99,99 %, contr\u00f4l\u00e9 et assur\u00e9. <\/span><\/p>\n<p><strong>ADRESSE DU CONTRAT :<\/strong><\/p>\n<p>[\/et_pb_blurb][et_pb_text _builder_version=\u00a0\u00bb4.27.2&Prime; _module_preset=\u00a0\u00bbdefault\u00a0\u00bb text_text_color=\u00a0\u00bb#FFFFFF\u00a0\u00bb text_font_size=\u00a0\u00bb18px\u00a0\u00bb overflow-x=\u00a0\u00bbauto\u00a0\u00bb custom_margin=\u00a0\u00bb-20px||||false|false\u00a0\u00bb custom_padding=\u00a0\u00bb10px|10px|10px|10px|true|true\u00a0\u00bb border_radii=\u00a0\u00bbon|5px|5px|5px|5px\u00a0\u00bb border_width_all=\u00a0\u00bb1px\u00a0\u00bb border_color_all=\u00a0\u00bb#898989&Prime; locked=\u00a0\u00bboff\u00a0\u00bb global_colors_info=\u00a0\u00bb{}\u00a0\u00bb theme_builder_area=\u00a0\u00bbpost_content\u00a0\u00bb]<\/p>\n<p>[copy_inline text=\u00a0\u00bb0x68327a91e79f87f501bc8522fc333fb7a72393cb\u00a0\u00bb display=\u00a0\u00bb0x68327a91e79f8&#8230;\u00a0\u00bb]<\/p>\n<p>[\/et_pb_text][et_pb_button button_url=\u00a0\u00bbhttps:\/\/lodewallet.com\/\u00a0\u00bb url_new_window=\u00a0\u00bbon\u00a0\u00bb button_text=\u00a0\u00bbACHETER\u00a0\u00bb _builder_version=\u00a0\u00bb4.27.0&Prime; _module_preset=\u00a0\u00bbdefault\u00a0\u00bb locked=\u00a0\u00bboff\u00a0\u00bb global_colors_info=\u00a0\u00bb{}\u00a0\u00bb theme_builder_area=\u00a0\u00bbpost_content\u00a0\u00bb][\/et_pb_button][\/et_pb_column][\/et_pb_row][\/et_pb_section][et_pb_section fb_built=\u00a0\u00bb1&Prime; module_id=\u00a0\u00bbportefeuille\u00a0\u00bb _builder_version=\u00a0\u00bb4.27.3&Prime; _module_preset=\u00a0\u00bbdefault\u00a0\u00bb background_color=\u00a0\u00bbgcid-55cf94f6-dcca-448b-a9f4-2f3342ec889d\u00a0\u00bb background_image=\u00a0\u00bbhttps:\/\/lode.one\/wp-content\/uploads\/2024\/06\/wallet-screen.png\u00a0\u00bb background_size=\u00a0\u00bbcustom\u00a0\u00bb background_image_width=\u00a0\u00bb51%\u00a0\u00bb background_image_height=\u00a0\u00bb100%\u00a0\u00bb background_position=\u00a0\u00bbcenter_left\u00a0\u00bb background_horizontal_offset=\u00a0\u00bb0%\u00a0\u00bb background_last_edited=\u00a0\u00bbon|phone\u00a0\u00bb background_enable_image_tablet=\u00a0\u00bboff\u00a0\u00bb overflow-x_tablet=\u00a0\u00bb\u00a0\u00bb overflow-x_phone=\u00a0\u00bbhidden\u00a0\u00bb overflow-x_last_edited=\u00a0\u00bbon|phone\u00a0\u00bb locked=\u00a0\u00bboff\u00a0\u00bb global_colors_info=\u00a0\u00bb{%22gcid-55cf94f6-dcca-448b-a9f4-2f3342ec889d%22:%91%22background_color%22%93}\u00a0\u00bb][et_pb_row column_structure=\u00a0\u00bb1_2,1_2&Prime; _builder_version=\u00a0\u00bb4.25.2&Prime; _module_preset=\u00a0\u00bbdefault\u00a0\u00bb global_colors_info=\u00a0\u00bb{}\u00a0\u00bb][et_pb_column type=\u00a0\u00bb1_2&Prime; _builder_version=\u00a0\u00bb4.25.2&Prime; _module_preset=\u00a0\u00bbdefault\u00a0\u00bb global_colors_info=\u00a0\u00bb{}\u00a0\u00bb][\/et_pb_column][et_pb_column type=\u00a0\u00bb1_2&Prime; _builder_version=\u00a0\u00bb4.25.2&Prime; _module_preset=\u00a0\u00bbdefault\u00a0\u00bb global_colors_info=\u00a0\u00bb{}\u00a0\u00bb][et_pb_text _builder_version=\u00a0\u00bb4.27.2&Prime; _module_preset=\u00a0\u00bbdefault\u00a0\u00bb text_font=\u00a0\u00bb|300|||||||\u00a0\u00bb text_text_color=\u00a0\u00bb#FFFFFF\u00a0\u00bb text_font_size=\u00a0\u00bb20px\u00a0\u00bb header_2_text_color=\u00a0\u00bb#FFFFFF\u00a0\u00bb header_2_font_size=\u00a0\u00bb46px\u00a0\u00bb header_3_text_color=\u00a0\u00bbgcid-7d4daf29-fbb7-45e3-b68f-99bef88f960a\u00a0\u00bb header_3_font_size=\u00a0\u00bb24px\u00a0\u00bb header_2_font_size_tablet=\u00a0\u00bb46px\u00a0\u00bb header_2_font_size_phone=\u00a0\u00bb36px\u00a0\u00bb header_2_font_size_last_edited=\u00a0\u00bbon|phone\u00a0\u00bb locked=\u00a0\u00bboff\u00a0\u00bb global_colors_info=\u00a0\u00bb{%22gcid-7d4daf29-fbb7-45e3-b68f-99bef88f960a%22:%91%22header_3_text_color%22,%22header_3_text_color%22%93}\u00a0\u00bb]<\/p>\n<h3>PORTEFEUILLE<\/h3>\n<p>&nbsp;<\/p>\n<h2>MA\u00ceTRISEZ VOS ACTIFS AVEC LOD3 WALLET<\/h2>\n<p>&nbsp;<\/p>\n<h3>LE NOUVEAU PORTEFEUILLE LOD3 :<\/h3>\n<p>&#8211; S\u00e9curit\u00e9 renforc\u00e9e<br \/>&#8211; Interface conviviale<br \/>&#8211; Mise et r\u00e9compenses<\/p>\n<p>[\/et_pb_text][et_pb_button button_url=\u00a0\u00bbhttps:\/\/lodewallet.com\/\u00a0\u00bb url_new_window=\u00a0\u00bbon\u00a0\u00bb button_text=\u00a0\u00bbCR\u00c9ER UN PORTEFEUILLE\u00a0\u00bb _builder_version=\u00a0\u00bb4.27.2&Prime; _module_preset=\u00a0\u00bbdefault\u00a0\u00bb global_colors_info=\u00a0\u00bb{}\u00a0\u00bb][\/et_pb_button][et_pb_text _builder_version=\u00a0\u00bb4.27.3&Prime; _module_preset=\u00a0\u00bbdefault\u00a0\u00bb text_font=\u00a0\u00bb|300|||||||\u00a0\u00bb text_text_color=\u00a0\u00bb#FFFFFF\u00a0\u00bb text_font_size=\u00a0\u00bb20px\u00a0\u00bb header_2_text_color=\u00a0\u00bb#FFFFFF\u00a0\u00bb header_2_font_size=\u00a0\u00bb46px\u00a0\u00bb header_3_text_color=\u00a0\u00bb#FFFFFF\u00a0\u00bb header_3_font_size=\u00a0\u00bb18px\u00a0\u00bb max_width=\u00a0\u00bb65%\u00a0\u00bb custom_padding=\u00a0\u00bb20px|20px|20px|20px|true|true\u00a0\u00bb hover_enabled=\u00a0\u00bb0&Prime; border_radii=\u00a0\u00bbon|20px|20px|20px|20px\u00a0\u00bb border_width_all=\u00a0\u00bb1px\u00a0\u00bb locked=\u00a0\u00bboff\u00a0\u00bb global_colors_info=\u00a0\u00bb{}\u00a0\u00bb sticky_enabled=\u00a0\u00bb0&Prime;]<\/p>\n<h3>INT\u00c9GR\u00c9 AVEC<\/h3>\n<p><img decoding=\"async\" class=\"wp-image-535 alignnone lazyload\" data-src=\"https:\/\/lode.one\/wp-content\/uploads\/2024\/10\/blue-walletconnect-logo-300x49.png\" alt=\"\" width=\"241\" height=\"39\" src=\"data:image\/gif;base64,R0lGODlhAQABAAAAACH5BAEKAAEALAAAAAABAAEAAAICTAEAOw==\" style=\"--smush-placeholder-width: 241px; --smush-placeholder-aspect-ratio: 241\/39;\"><\/p>\n<p>[\/et_pb_text][\/et_pb_column][\/et_pb_row][\/et_pb_section]<\/p>\n","protected":false},"excerpt":{"rendered":"<p>IL EST TEMPS D&rsquo;\u00caTRE VOTRE PROPRE BANQUIER L&rsquo;OR ET L&rsquo;ARGENT V\u00c9RITABLES DEFI LOD3 Finance DAO est un protocole de financement des m\u00e9taux pr\u00e9cieux enti\u00e8rement d\u00e9centralis\u00e9 et autonome. Le protocole LOD3 ouvre l&rsquo;acc\u00e8s mondial et d\u00e9mocratise l&rsquo;argent adoss\u00e9 \u00e0 l&rsquo;argent et \u00e0 l&rsquo;or pour le peuple par le peuple. LOD3 accomplit cela en utilisant les r\u00e9seaux d\u00e9centralis\u00e9s, EVM et la technologie blockchain Web3. Le jeton $LOD3 est le jeton de gouvernance et d&rsquo;utilit\u00e9 de l&rsquo;\u00e9cosyst\u00e8me. Il alimente tout ce que fait LOD3. ADRESSE DU CONTRAT :[copy_inline text=\u00a0\u00bb0xbbaaa0420d474b34be197f95a323c2ff3829e811&Prime; display=\u00a0\u00bb0xbbaaa0420d47&#8230;\u00a0\u00bb]Les pi\u00e8ces AGX sont de l&rsquo;argent num\u00e9rique. Chaque pi\u00e8ce est garantie \u00e0 100 % par un gramme d&rsquo;argent de qualit\u00e9 99,99 %. ADRESSE DU CONTRAT :[copy_inline text=\u00a0\u00bb0x13e7bcefdde72492e656f3fa58bae6029708e673&Prime; display=\u00a0\u00bb0x13e7bcefdde72&#8230;\u00a0\u00bb]Les pi\u00e8ces AUX sont des monnaies d&rsquo;or num\u00e9riques. Chaque pi\u00e8ce est garantie \u00e0 100 % par un milligramme d&rsquo;or pur \u00e0 99,99 %, contr\u00f4l\u00e9 et assur\u00e9. ADRESSE DU CONTRAT :[copy_inline text=\u00a0\u00bb0x68327a91e79f87f501bc8522fc333fb7a72393cb\u00a0\u00bb display=\u00a0\u00bb0x68327a91e79f8&#8230;\u00a0\u00bb]PORTEFEUILLE &nbsp; MA\u00ceTRISEZ VOS ACTIFS AVEC LOD3 WALLET &nbsp; LE NOUVEAU PORTEFEUILLE LOD3 : &#8211; S\u00e9curit\u00e9 renforc\u00e9e- Interface conviviale- Mise et r\u00e9compensesINT\u00c9GR\u00c9 AVEC<\/p>\n","protected":false},"author":1,"featured_media":0,"parent":0,"menu_order":0,"comment_status":"closed","ping_status":"closed","template":"","meta":{"_et_pb_use_builder":"on","_et_pb_old_content":"","_et_gb_content_width":"","footnotes":""},"class_list":["post-1831","page","type-page","status-publish","hentry"],"_links":{"self":[{"href":"https:\/\/lode.one\/fr\/wp-json\/wp\/v2\/pages\/1831","targetHints":{"allow":["GET"]}}],"collection":[{"href":"https:\/\/lode.one\/fr\/wp-json\/wp\/v2\/pages"}],"about":[{"href":"https:\/\/lode.one\/fr\/wp-json\/wp\/v2\/types\/page"}],"author":[{"embeddable":true,"href":"https:\/\/lode.one\/fr\/wp-json\/wp\/v2\/users\/1"}],"replies":[{"embeddable":true,"href":"https:\/\/lode.one\/fr\/wp-json\/wp\/v2\/comments?post=1831"}],"version-history":[{"count":2,"href":"https:\/\/lode.one\/fr\/wp-json\/wp\/v2\/pages\/1831\/revisions"}],"predecessor-version":[{"id":1837,"href":"https:\/\/lode.one\/fr\/wp-json\/wp\/v2\/pages\/1831\/revisions\/1837"}],"wp:attachment":[{"href":"https:\/\/lode.one\/fr\/wp-json\/wp\/v2\/media?parent=1831"}],"curies":[{"name":"wp","href":"https:\/\/api.w.org\/{rel}","templated":true}]}}