{"id":1963,"date":"2024-12-16T21:13:52","date_gmt":"2024-12-16T21:13:52","guid":{"rendered":"https:\/\/lode.one\/aviso-importante\/"},"modified":"2025-01-09T04:19:34","modified_gmt":"2025-01-09T04:19:34","slug":"aviso-importante","status":"publish","type":"page","link":"https:\/\/lode.one\/es\/aviso-importante\/","title":{"rendered":"AVISO IMPORTANTE"},"content":{"rendered":"<p>[et_pb_section fb_built=\u00bb1&#8243; _builder_version=\u00bb4.27.4&#8243; _module_preset=\u00bbdefault\u00bb background_color=\u00bb#2f4953&#8243; custom_padding=\u00bb200px||||false|false\u00bb global_colors_info=\u00bb{}\u00bb][et_pb_row _builder_version=\u00bb4.27.4&#8243; _module_preset=\u00bbdefault\u00bb background_color=\u00bb#FFFFFF\u00bb custom_padding=\u00bb100px|50px|100px|50px|true|true\u00bb global_colors_info=\u00bb{}\u00bb][et_pb_column type=\u00bb4_4&#8243; _builder_version=\u00bb4.27.4&#8243; _module_preset=\u00bbdefault\u00bb global_colors_info=\u00bb{}\u00bb][et_pb_text _builder_version=\u00bb4.27.4&#8243; _module_preset=\u00bbdefault\u00bb header_text_align=\u00bbcenter\u00bb hover_enabled=\u00bb0&#8243; global_colors_info=\u00bb{}\u00bb sticky_enabled=\u00bb0&#8243;]<\/p>\n<div class=\"et_pb_module et_pb_text et_pb_text_0 et_pb_text_align_left et_pb_bg_layout_light\">\n<div class=\"et_pb_text_inner\">\n<h1><strong>AVISO IMPORTANTE<\/strong><\/h1>\n<h1><strong> <\/strong><\/h1>\n<p><strong> <\/strong>El Protocolo LODE (\u00abLODE\u00bb) es un libro mayor distribuido de c\u00f3digo abierto basado en Internet y una plataforma inform\u00e1tica compuesta por diversos componentes en evoluci\u00f3n aportados por una amplia variedad de participantes y Proveedores de Servicios profesionales. LODE est\u00e1 construido por LODE (Suiza) AG (\u00abLSA\u00bb) y la Alianza de Proveedores de Servicios, que se nutre del Token LODE. LODE sigue creciendo y cambiando gracias a los esfuerzos de su comunidad. El acceso a las funciones de utilidad del Protocolo LODE se consigue mediante la tenencia y utilizaci\u00f3n del Token LODE. El n\u00famero m\u00e1ximo de Fichas LODE que pueden emitirse es de 77.000.000. El Token LODE fue emitido en su totalidad por LODE GmbH, una filial de LSA, en virtud de su acuerdo de Agente Vinculado.     <\/p>\n<p>LSA, junto con sus subsidiarias y filiales, es un miembro activo de esa comunidad, tanto directa como indirectamente, a trav\u00e9s de sus programas semilla y de inversi\u00f3n, as\u00ed como de varios Proveedores de Servicios. LSA contribuye al desarrollo, implementaci\u00f3n y mantenimiento continuos de LODE y de la Comunidad LODE financiando, publicitando y fomentando de otro modo, entre otras actividades, las siguientes: <\/p>\n<ul>\n<li>Desarrollar e implantar distintos tipos de software, como contratos inteligentes y dApps, acceso a infraestructura de tarjetas, intercambios descentralizados, swaps\/movimientos, subredes, APIs, utilidades y actualizaciones, puentes a otras blockchains y software de conexi\u00f3n de monederos, y ayudar a otros a hacer lo mismo;  <\/li>\n<li>la red utiliza y funciona con uno o varios nodos\/validadores;<\/li>\n<li>crear contenidos escritos, de v\u00eddeo y de otro tipo en sitios web, diversas plataformas de medios sociales y otros lugares; y<\/li>\n<li>en general, ser un recurso general para la comunidad de otras muchas maneras.<\/li>\n<\/ul>\n<p>LODE es una organizaci\u00f3n sin \u00e1nimo de lucro, pero algunas de sus actividades pueden generar entradas que se distribuyen en pools de liquidez a trav\u00e9s de la infraestructura de contratos inteligentes del Token LODE en beneficio de los titulares del Token LODE y de la Alianza de Proveedores de Servicios. LODE ha desplegado un Recaudador de Cuotas como contrato inteligente de pool que permite recaudar recursos de varios centros de beneficio y distribuye las cuotas como \u00abreflejos de pool\u00bb a los Proveedores de Servicios, B\u00f3vedas y Titulares de Tokens LODE. <\/p>\n<p>LSA, as\u00ed como sus Proveedores de Servicios y otras personas y organizaciones asociadas con ella, pueden dar, recibir, prestar, pedir prestado, comprar y vender Fichas LODE y otros criptoactivos diversos (ya sean fichas fungibles o no fungibles) creados en, o asociados con LODE y los contratos inteligentes y dApps que utiliza LODE. Dichas transacciones y transferencias pueden producirse como ventas privadas entre pares, y en transacciones de mercado abierto a trav\u00e9s de \u00abSubastas Holandesas\u00bb y\/o intercambios descentralizados (DEXs) y otros medios. LODE puede ofrecer o recibir precios preferentes en determinadas transacciones, normalmente en funci\u00f3n del volumen.  <\/p>\n<p>Todo el software, contenido y actividades mencionados se denominan en este Aviso \u00abSoftware, Contenido y Actividades\u00bb de LODE. A veces LODE cobra tasas en relaci\u00f3n con su Software, Contenido y Actividades, mientras que otras veces no lo hace. <\/p>\n<p>A menos que se especifique lo contrario, LSA no hace ninguna declaraci\u00f3n, garant\u00eda o compromiso con respecto a LODE o a cualquiera de su Software, Contenido y Actividades, ya sea expresa o impl\u00edcita, incluyendo pero no limit\u00e1ndose a las garant\u00edas de cumplimiento, exactitud, fiabilidad, validez, comerciabilidad, idoneidad para un fin determinado, calidad, disponibilidad, durabilidad y no infracci\u00f3n, o en cuanto a que cualquiera de ellos sea ininterrumpido, libre de errores, libre de componentes da\u00f1inos o seguro. Ni LSA ni sus Proveedores de Servicios son responsables de, o en relaci\u00f3n con, acciones, procedimientos, reclamaciones, da\u00f1os, gastos u otras responsabilidades, ya sea en una acci\u00f3n contractual, extracontractual o de otro tipo, derivadas de, relacionadas con o en conexi\u00f3n con el LODE o su Software, Contenido y Actividades o el uso u otros tratos en o con cualquiera de ellos o la confianza depositada en los mismos. <\/p>\n<p>Para evitar confusiones por parte de quienes interact\u00faan con la LODE, es importante que el p\u00fablico en general comprenda lo siguiente:<\/p>\n<ul>\n<li><strong>El Protocolo LODE es una plataforma descentralizada y sin permisos.<\/strong>  No tiene una \u00fanica fuente de verdad, ni un \u00fanico punto de fallo, ni ninguna persona o autoridad que por s\u00ed sola tenga la capacidad o el poder de realizar cambios en los datos, el software o los contratos inteligentes que forman parte de la cadena de bloques o de admitir usuarios. LODE no tiene mayor poder inherente que cualquier otro participante para a\u00f1adir, alterar o interferir de otro modo en una blockchain p\u00fablica.   <strong>LODE no la controla ni tiene capacidad para cambiar los datos, transferencias o cualquier otra cosa registrada en la cadena de bloques.  <\/strong>Lo mismo ocurre con las subredes y las cadenas laterales.<\/li>\n<\/ul>\n<ul>\n<li><strong>Cuando utilizas el Protocolo LODE, lo haces bajo tu propia responsabilidad<\/strong>.  <\/li>\n<li><strong>Se recomienda que investigues por tu cuenta antes de utilizar o comprometerte con el Protocolo LODE, el Software, el Contenido y las Actividades de LODE y\/o cualquier subred o monedero Web3 de <\/strong>terceros Lee con prudencia. Mantente al tanto de las actualizaciones y desarrollos. <u><\/u> <\/li>\n<li>A menos que LSA te informe de lo contrario por escrito, no se hace responsable ni ofrece ninguna declaraci\u00f3n o garant\u00eda en relaci\u00f3n con el Protocolo LODE, su funcionamiento, las actividades o transacciones realizadas o los contratos inteligentes que operen en \u00e9l o cualquier software asociado al mismo (sea o no Software, Contenido y Actividades de LODE).<\/li>\n<li>LODE intenta cumplir las leyes, normas y obligaciones contractuales aplicables con respecto a todo su Software, Contenido y Actividades. Sin embargo, ese panorama cambia constantemente y difiere de una jurisdicci\u00f3n a otra. <strong>Es tu responsabilidad llevar a cabo tu propia investigaci\u00f3n para asegurarte de que tu actividad relacionada con el Protocolo LODE cumple con todas las leyes, normas y obligaciones contractuales aplicables<\/strong>. <\/li>\n<li>Entre otras cosas, tendr\u00e1s que cumplir todos los t\u00e9rminos y condiciones, licencias de software, especificaciones y programaci\u00f3n asociados a cualquier cosa que utilices.<\/li>\n<li><strong>T\u00fa eres el \u00fanico responsable de las claves privadas\/secretas y frases semilla de tu monedero LODE de blockchain no custodiado<\/strong>. Aseg\u00farate de no perderlas ni compartirlas con nadie. Una vez perdidas, no hay nada que se pueda hacer para recuperar el acceso a tu monedero blockchain y\/o a tus activos digitales.  <\/li>\n<li>Cada vez que LODE enlace, cite o haga referencia de cualquier otro modo a un tercero, o reproduzca o incorpore su informaci\u00f3n, contenido o materiales, lo har\u00e1 \u00fanicamente con fines informativos, y LODE no ha verificado su exactitud.<\/li>\n<li><strong>LSA no puede insistir lo suficiente en esto<\/strong>: ten cuidado y haz siempre tu propia diligencia debida antes de comprometerte con el Protocolo LODE y todos sus componentes, contratos inteligentes, dApps, subredes y utilidades, independientemente de qui\u00e9n los haya construido o implementado, incluyendo, pero sin limitarse a ello, cualquier monedero utilizado en relaci\u00f3n con \u00e9l. En otras palabras, s\u00e9 curioso y precavido. Haz tus deberes y no asumas que algo es correcto o que funcionar\u00e1 de una determinada manera sin verificarlo antes.  <\/li>\n<li><strong>Cuando LSA habla de ideas o perspectivas de futuro, est\u00e1 expresando su visi\u00f3n y sus esperanzas, y no hay ning\u00fan compromiso ni garant\u00eda de que se hagan realidad, de que se pongan en pr\u00e1ctica o de que funcionen<\/strong>. El mundo cambia r\u00e1pidamente. La tecnolog\u00eda cambia a la velocidad de los negocios, y CEJ no puede predecir c\u00f3mo resultar\u00e1n las cosas, y sus aspiraciones y predicciones pueden ser poco fiables. Examina atentamente todas las comunicaciones, actualizaciones y versiones de software y las fechas asociadas a ellas para asegurarte de que utilizas el software m\u00e1s actualizado.   <\/li>\n<\/ul>\n<\/div>\n<\/div>\n<p>[\/et_pb_text][\/et_pb_column][\/et_pb_row][\/et_pb_section]<\/p>\n","protected":false},"excerpt":{"rendered":"<p>AVISO IMPORTANTE El Protocolo LODE (\u00abLODE\u00bb) es un libro mayor distribuido de c\u00f3digo abierto basado en Internet y una plataforma inform\u00e1tica compuesta por diversos componentes en evoluci\u00f3n aportados por una amplia variedad de participantes y Proveedores de Servicios profesionales. LODE est\u00e1 construido por LODE (Suiza) AG (\u00abLSA\u00bb) y la Alianza de Proveedores de Servicios, que se nutre del Token LODE. LODE sigue creciendo y cambiando gracias a los esfuerzos de su comunidad. El acceso a las funciones de utilidad del Protocolo LODE se consigue mediante la tenencia y utilizaci\u00f3n del Token LODE. El n\u00famero m\u00e1ximo de Fichas LODE que pueden emitirse es de 77.000.000. El Token LODE fue emitido en su totalidad por LODE GmbH, una filial de LSA, en virtud de su acuerdo de Agente Vinculado. LSA, junto con sus subsidiarias y filiales, es un miembro activo de esa comunidad, tanto directa como indirectamente, a trav\u00e9s de sus programas semilla y de inversi\u00f3n, as\u00ed como de varios Proveedores de Servicios. LSA contribuye al desarrollo, implementaci\u00f3n y mantenimiento continuos de LODE y de la Comunidad LODE financiando, publicitando y fomentando de otro modo, entre otras actividades, las siguientes: Desarrollar e implantar distintos tipos de software, como contratos inteligentes y dApps, [&hellip;]<\/p>\n","protected":false},"author":1,"featured_media":0,"parent":0,"menu_order":0,"comment_status":"closed","ping_status":"closed","template":"","meta":{"_et_pb_use_builder":"on","_et_pb_old_content":"","_et_gb_content_width":"","footnotes":""},"class_list":["post-1963","page","type-page","status-publish","hentry"],"_links":{"self":[{"href":"https:\/\/lode.one\/es\/wp-json\/wp\/v2\/pages\/1963","targetHints":{"allow":["GET"]}}],"collection":[{"href":"https:\/\/lode.one\/es\/wp-json\/wp\/v2\/pages"}],"about":[{"href":"https:\/\/lode.one\/es\/wp-json\/wp\/v2\/types\/page"}],"author":[{"embeddable":true,"href":"https:\/\/lode.one\/es\/wp-json\/wp\/v2\/users\/1"}],"replies":[{"embeddable":true,"href":"https:\/\/lode.one\/es\/wp-json\/wp\/v2\/comments?post=1963"}],"version-history":[{"count":1,"href":"https:\/\/lode.one\/es\/wp-json\/wp\/v2\/pages\/1963\/revisions"}],"predecessor-version":[{"id":1966,"href":"https:\/\/lode.one\/es\/wp-json\/wp\/v2\/pages\/1963\/revisions\/1966"}],"wp:attachment":[{"href":"https:\/\/lode.one\/es\/wp-json\/wp\/v2\/media?parent=1963"}],"curies":[{"name":"wp","href":"https:\/\/api.w.org\/{rel}","templated":true}]}}