{"id":1954,"date":"2024-12-16T21:01:33","date_gmt":"2024-12-16T21:01:33","guid":{"rendered":"https:\/\/lode.one\/condiciones-de-uso-de-agx-y-aux-coins\/"},"modified":"2025-01-09T04:19:29","modified_gmt":"2025-01-09T04:19:29","slug":"condiciones-de-uso-de-agx-y-aux-coins","status":"publish","type":"page","link":"https:\/\/lode.one\/es\/condiciones-de-uso-de-agx-y-aux-coins\/","title":{"rendered":"CONDICIONES DE USO DE AGX Y AUX COINS"},"content":{"rendered":"<p>[et_pb_section fb_built=\u00bb1&#8243; _builder_version=\u00bb4.27.4&#8243; _module_preset=\u00bbdefault\u00bb background_color=\u00bb#2f4953&#8243; custom_padding=\u00bb200px||||false|false\u00bb hover_enabled=\u00bb0&#8243; global_colors_info=\u00bb{}\u00bb sticky_enabled=\u00bb0&#8243;][et_pb_row _builder_version=\u00bb4.27.4&#8243; _module_preset=\u00bbdefault\u00bb background_color=\u00bb#FFFFFF\u00bb custom_padding=\u00bb100px|50px|100px|50px|true|true\u00bb global_colors_info=\u00bb{}\u00bb][et_pb_column type=\u00bb4_4&#8243; _builder_version=\u00bb4.27.4&#8243; _module_preset=\u00bbdefault\u00bb global_colors_info=\u00bb{}\u00bb][et_pb_text _builder_version=\u00bb4.27.4&#8243; _module_preset=\u00bbdefault\u00bb global_colors_info=\u00bb{}\u00bb]<\/p>\n<div class=\"et_pb_module et_pb_text et_pb_text_0 et_pb_text_align_left et_pb_bg_layout_light\">\n<div class=\"et_pb_text_inner\">\n<h1 style=\"text-align: center;\"><strong>AVISO IMPORTANTE<\/strong><\/h1>\n<h1 style=\"text-align: center;\"><strong> <\/strong><\/h1>\n<h1 style=\"text-align: center;\"><strong>Moneda(s) AGX y AUX<\/strong><\/h1>\n<h1 style=\"text-align: center;\"><strong>Condiciones de uso<\/strong><\/h1>\n<p><strong> <\/strong><\/p>\n<p>1 de enero de 2024<\/p>\n<p>ESTE CONTRATO CONTIENE UNA DISPOSICI\u00d3N DE ARBITRAJE VINCULANTE QUE LAS PARTES PUEDEN HACER CUMPLIR.<\/p>\n<p>El Protocolo LODE (\u00abLODE\u00bb) es un libro mayor distribuido basado en Internet y una plataforma inform\u00e1tica compuesta por muchos componentes diferentes y en evoluci\u00f3n, aportados por una amplia variedad de participantes y Proveedores de Servicios profesionales. LODE est\u00e1 construido por LODE (Suiza) AG (\u00abLSA\u00bb) y la Alianza de Proveedores de Servicios. LSA salvaguarda los metales preciosos en nombre de los usuarios de LODE y, en concreto, de los titulares de monedas AGX y AUX. LODE ha desplegado un Recaudador de Comisiones como contrato inteligente de pool que consolida las comisiones de negociaci\u00f3n y financia las operaciones de b\u00f3veda segura, que protege los metales preciosos que respaldan las Monedas AGX y AUX.   <\/p>\n<\/div>\n<\/div>\n<div class=\"et_pb_module et_pb_text et_pb_text_1 et_pb_text_align_left et_pb_bg_layout_light\">\n<div class=\"et_pb_text_inner\">\n<h2>1. General<\/h2>\n<ol type=\"a\">\n<li>Los T\u00e9rminos y Condiciones de Uso expuestos a continuaci\u00f3n formar\u00e1n parte del acuerdo suscrito con LODE. La Moneda AGX y\/o AUX y el material publicado en el Sitio no constituyen una oferta ni la solicitud de una oferta para vender o comprar ning\u00fan valor. <\/li>\n<li>Los T\u00e9rminos y Condiciones de Uso se aplicar\u00e1n de acuerdo con la versi\u00f3n m\u00e1s reciente y a todas las transacciones posteriores sin necesidad de referencia expresa a los mismos ni de acuerdo al respecto a la conclusi\u00f3n de dicha transacci\u00f3n.<\/li>\n<li>Por la presente, LODE se opone a cualquier contraconfirmaci\u00f3n, contraoferta u otra referencia del Comprador y\/o Titular a sus condiciones generales de uso; cualquier condici\u00f3n discrepante del Comprador y\/o Titular s\u00f3lo se aplicar\u00e1 si LODE la ha confirmado por escrito.<\/li>\n<li>El Comprador y\/o Titular se define como cualquier persona que posea Monedas AGX y\/o AUX, independientemente de d\u00f3nde se adquieran y\/o compren las monedas.<\/li>\n<\/ol>\n<\/div>\n<\/div>\n<div class=\"et_pb_module et_pb_text et_pb_text_2 et_pb_text_align_left et_pb_bg_layout_light\">\n<div class=\"et_pb_text_inner\">\n<h1>2. Ofertas y pedidos<\/h1>\n<ol type=\"a\">\n<li>Las ofertas de LSA no ser\u00e1n vinculantes, en particular en lo que se refiere a cantidades, precio y plazo de entrega.<\/li>\n<li>Los pedidos realizados por el Comprador y\/o Titular no se considerar\u00e1n aceptados hasta que \u00e9stos hayan sido confirmados por LODE mediante el env\u00edo del comprobante de recogida tokenizado (ver Secci\u00f3n 4) a la direcci\u00f3n del monedero del Comprador y\/o Titular.<\/li>\n<\/ol>\n<\/div>\n<\/div>\n<div class=\"et_pb_module et_pb_text et_pb_text_3 et_pb_text_align_left et_pb_bg_layout_light\">\n<div class=\"et_pb_text_inner\">\n<h1>3. Tipos de cambio y peso<\/h1>\n<ol type=\"a\">\n<li>El tipo de cambio de LODE (f\u00edsico a AGX\/AUX) excluir\u00e1 cualquier IVA legal que deba pagarse en la fecha de entrega o recogida.<\/li>\n<li>El tipo de cambio de LODE (AGX\/AUX a f\u00edsico) incluir\u00e1 cualquier IVA legal que deba pagarse en la fecha de entrega o recogida.<\/li>\n<li>Si, como resultado de un cambio de ley entre la fecha del acuerdo y la fecha de entrega, deben pagarse cargos adicionales o incrementados, en particular aranceles, grav\u00e1menes y pagos de compensaci\u00f3n monetaria, LODE tendr\u00e1 derecho a incrementar el precio de compra en consecuencia. Lo mismo se aplicar\u00e1 a cualquier tasa por examen. <\/li>\n<li>Los tipos de cambio se basar\u00e1n en el peso y la pureza determinados en el momento del cambio. Una disminuci\u00f3n del peso y la pureza durante el transporte ser\u00e1 por cuenta y riesgo del Comprador y\/o Titular. La prueba de cualquier aumento\/disminuci\u00f3n de peso y pureza se comunicar\u00e1 al Comprador y\/o Titular antes del intercambio. En caso de disputa sobre el peso y\/o la pureza, el material f\u00edsico ser\u00e1 devuelto por cuenta del Comprador y\/o Titular.   <\/li>\n<\/ol>\n<\/div>\n<\/div>\n<div class=\"et_pb_module et_pb_text et_pb_text_4 et_pb_text_align_left et_pb_bg_layout_light\">\n<div class=\"et_pb_text_inner\">\n<h1>4. Custodia de la plata y\/o el oro<\/h1>\n<ol type=\"a\">\n<li>LSA organizar\u00e1 el almacenamiento con un Distribuidor de Lingotes registrado y autorizado por LODE de un (1) gramo no asignado de plata de ley de inversi\u00f3n en nombre del Comprador y\/o Titular por cada Moneda AGX y un (1) miligramo de oro de ley de inversi\u00f3n por cada Moneda AUX vendida. Salvo que LSA acuerde o confirme lo contrario por escrito, la calidad de la plata y\/o el oro de inversi\u00f3n ser\u00e1 conforme a las pr\u00e1cticas comerciales habituales. Las peque\u00f1as imperfecciones visuales y el deslustre son aceptables. La plata y el oro se venden por pureza, peso y medida. Tus monedas AGX y\/o AUX son similares a un resguardo de recogida y\/o recibo de almac\u00e9n que representa tu inter\u00e9s beneficiario no asignado en una parte prorrateada de la plata y\/o el oro de inversi\u00f3n respectivos. Esto significa que t\u00fa, el titular de las monedas AGX\/AUX, tienes todo el valor econ\u00f3mico de la plata y\/o el oro de inversi\u00f3n representados por tus monedas, y todo el riesgo y la recompensa relacionados con tu participaci\u00f3n en el metal precioso.     <\/li>\n<li>La responsabilidad de LSA se limita a la selecci\u00f3n de un socio de c\u00e1maras acorazadas adecuado, y en todo momento de la emisi\u00f3n de Monedas AGX y Monedas AUX, el n\u00famero total de Monedas AGX y\/o AUX representa la cantidad f\u00edsica de metales preciosos en gramos que LSA ya tiene en custodia.<\/li>\n<li>LSA no tiene un inter\u00e9s beneficioso directo en la plata y\/u oro que se ha utilizado y almacenado para acu\u00f1ar las Monedas AGX\/AUX. En caso de insolvencia de LSA o de un tercero proveedor de custodia, el Comprador y\/o Titular tiene derecho a rescatar la plata y\/o el oro del Distribuidor de Lingotes registrado y autorizado por LODE. <\/li>\n<\/ol>\n<\/div>\n<\/div>\n<div class=\"et_pb_module et_pb_text et_pb_text_5 et_pb_text_align_left et_pb_bg_layout_light\">\n<div class=\"et_pb_text_inner\">\n<h1>5. Transmisi\u00f3n de la propiedad<\/h1>\n<ol type=\"a\">\n<li>Al comprar cada Moneda AGX y\/o AUX, LODE transfiere la propiedad no asignada de un (1) gramo de plata o un (1) miligramo de oro al Comprador y\/o Titular. Los metales preciosos suelen almacenarse en lingotes de plata y\/o de oro. Si el n\u00famero de Monedas AGX y\/o AUX compradas supera el peso total del lingote de plata y\/o oro en gramos, LODE transfiere la propiedad de todo el lingote. Si el n\u00famero de Monedas AGX y\/o AUX compradas no supera el peso total del lingote, LODE transfiere la copropiedad del lingote. La cuota de copropiedad no asignada se determina por el peso total del lingote en gramos enteros (palabra latina que significa entero) para AGX\/Plata y miligramos para AUX\/Oro y la cantidad de Monedas AGX y\/o AUX compradas, mientras que una Moneda AGX contar\u00e1 como un (1) gramo de plata y una Moneda AUX como un (1) miligramo de oro.    <\/li>\n<li>La plata y\/o el oro f\u00edsicos no se entregar\u00e1n al Comprador y\/o Titular. Al entregar las Monedas AGX y\/o AUX al Comprador y\/o Titular, LODE celebra un contrato inteligente de b\u00f3veda con el Comprador y\/o Titular para salvaguardar la plata y\/o el oro en nombre del Comprador y\/o Titular. <\/li>\n<\/ol>\n<\/div>\n<\/div>\n<div class=\"et_pb_module et_pb_text et_pb_text_6 et_pb_text_align_left et_pb_bg_layout_light\">\n<div class=\"et_pb_text_inner\">\n<h1>6. Ficha de recogida<\/h1>\n<ol type=\"a\">\n<li>Para toda la plata y el oro f\u00edsicos vendidos por LODE, LODE emite una ficha de recogida tokenizada, \u00abAGX Coin\u00bb para la plata y \u00abAUX Coin\u00bb para el oro, en blockchains p\u00fablicas.<\/li>\n<li>La moneda AGX y\/o AUX no incluye ning\u00fan coste de env\u00edo de la plata y\/o el oro y s\u00f3lo representa el derecho a recuperar la posesi\u00f3n o el derecho a recoger la plata y\/o el oro en las c\u00e1maras acorazadas asociadas de LSA y LODE.<\/li>\n<li>LODE har\u00e1 esfuerzos comercialmente razonables para avisar previamente de cualquier congelaci\u00f3n o actualizaci\u00f3n material e informar\u00e1 a los titulares de Monedas AGX y\/o AUX de las razones y consecuencias de dicha congelaci\u00f3n y\/o actualizaci\u00f3n.<\/li>\n<\/ol>\n<\/div>\n<\/div>\n<div class=\"et_pb_module et_pb_text et_pb_text_7 et_pb_text_align_left et_pb_bg_layout_light\">\n<div class=\"et_pb_text_inner\">\n<h1>7. Transferencia de monedas AGX y\/o AUX<\/h1>\n<ol type=\"a\">\n<li>El Comprador y\/o Titular tiene derecho a transferir las Monedas AGX y\/o AUX a un tercero mediante la transferencia de las Monedas AGX y\/o AUX a trav\u00e9s de una transacci\u00f3n en la blockchain respectiva a un tercero.<\/li>\n<li>Cualquier transferencia de Monedas AGX y\/o AUX debe interpretarse como la transferencia de la propiedad de la plata y\/o el oro almacenados al receptor de las Monedas AGX y\/o AUX. Por lo tanto, LODE honra a cada poseedor de Monedas AGX como leg\u00edtimo propietario de un (1) gramo de plata custodiado por LODE y LODE honra a cada poseedor de Monedas AUX como leg\u00edtimo propietario de un (1) miligramo de oro custodiado por LODE (V\u00e9ase el Plan de Continuidad de Operaciones (\u00abCOOP\u00bb) en el apartado 9 b). <\/li>\n<li>No est\u00e1 permitida la transferencia parcial de derechos sobre la Moneda AGX y\/o AUX. La transferencia de Monedas AGX y\/o AUX se produce exclusivamente a trav\u00e9s de la Blockchain en la que la Moneda AGX y\/o AUX fue emitida por LODE. No est\u00e1 permitida la transferencia del derecho a recoger plata y\/o oro sin transferir la Moneda AGX y\/o AUX.  <\/li>\n<li>Cada titular de Monedas AGX y\/o AUX deber\u00e1 hacer que estos T\u00e9rminos y Condiciones de Uso de las Monedas AGX y\/o AUX formen parte de un contrato de transferencia con el receptor de las Monedas AGX y\/o AUX. Si el Comprador y\/o Titular no hace que estos T\u00e9rminos y Condiciones de Uso de las Monedas AGX y\/o AUX formen parte de un contrato de transferencia con el receptor de las Monedas AGX y\/o AUX, el Comprador y\/o Titular mantendr\u00e1 indemne a LSA y LODE de todos los costes y da\u00f1os que puedan derivarse de la mencionada transferencia. <\/li>\n<\/ol>\n<\/div>\n<\/div>\n<div class=\"et_pb_module et_pb_text et_pb_text_8 et_pb_text_align_left et_pb_bg_layout_light\">\n<div class=\"et_pb_text_inner\">\n<h1>8. Derecho a recuperar la posesi\u00f3n\/recogida<\/h1>\n<ol type=\"a\">\n<li>S\u00f3lo los titulares de monedas AGX y\/o AUX tienen derecho a recuperar la posesi\u00f3n, es decir, el derecho a recoger la plata y\/o el oro almacenados seg\u00fan el saldo de la(s) moneda(s) AGX y\/o AUX. Los titulares de monedas deben ponerse en contacto con LSA en info@lode.one para canjear las monedas, el Comprador y\/o el Titular no deben ponerse en contacto directamente con las empresas de c\u00e1maras acorazadas. <\/li>\n<li>Para recoger plata y\/u oro, cada titular de Monedas AGX y\/o AUX debe crear un monedero en lodewallet.com, hacer clic en canjear y completar el procedimiento KYC y AML.<\/li>\n<li>LODE puede asumir que el titular respectivo de la(s) Moneda(s) AGX y\/o AUX es tambi\u00e9n el acreedor del derecho a recuperar la posesi\u00f3n o el propietario de la plata y\/o el oro. Por lo tanto, LODE tambi\u00e9n quedar\u00e1 exento de cualquier responsabilidad por el servicio prestado a un titular de una Moneda AGX y\/o AUX que no sea acreedor o propietario, a menos que LODE tenga conocimiento de que el titular de la(s) Moneda(s) AGX y\/o AUX no es acreedor o propietario. <\/li>\n<li>El Comprador y\/o Titular entiende que si pierde el acceso a la(s) Moneda(s) AGX y\/o AUX y\/o transfiere las monedas a un tercero perder\u00e1 el derecho a recuperar cualquier plata de LODE. El Comprador y\/o Titular entiende que trabajar con Monedas AGX y\/o AUX crea ciertos riesgos espec\u00edficos de la tecnolog\u00eda blockchain (en particular, p\u00e9rdida de claves privadas, monederos compatibles, bugs, hacks, etc.). El Comprador y\/o Titular debe tomar todas las medidas necesarias para comprender los riesgos y manejar adecuadamente la(s) Moneda(s) AGX y\/o AUX antes de comprar cualquier plata y\/o oro de LODE en todo momento.  <\/li>\n<\/ol>\n<\/div>\n<\/div>\n<div class=\"et_pb_module et_pb_text et_pb_text_9 et_pb_text_align_left et_pb_bg_layout_light\">\n<div class=\"et_pb_text_inner\">\n<h1>9. Tasas<\/h1>\n<ol type=\"a\">\n<li>LODE permite el acceso a redes p\u00fablicas que cobran tarifas de servicio independientes. Estas tarifas se repercutir\u00e1n al Comprador\/Titular. <\/li>\n<li>Pool de recaudaci\u00f3n de tasas y sobrestad\u00eda<\/li>\n<\/ol>\n<p>i. El contrato inteligente LODE Fee Collector Pool financia un conjunto predeterminado de instrucciones y\/o procedimientos que permiten mantener el Plan de Continuidad de Operaciones (\u00abCOOP\u00bb). Garantiza que se realicen las funciones esenciales en caso de interrupci\u00f3n de las operaciones normales.  <span class=\"Apple-converted-space\">  <\/span>Estas funciones son realizadas por la Alianza de Proveedores de Servicios para mantener la resistencia de las funciones esenciales de la misi\u00f3n, que se mantienen en caso de que el contrato inteligente LODE Fee Collector Pool se agote, se activar\u00e1 el Protocolo de Demoras para volver a las operaciones normales.<\/p>\n<p>iii. En caso de emergencia extrema y para cubrir el coste de la b\u00f3veda y el seguro, puede ser necesario activar la \u00abDemurrage\u00bb reduciendo el valor de todas las Monedas AGX y\/o AUX en una blockchain p\u00fablica espec\u00edfica. La tasa de sobrestad\u00eda puede ser de hasta el 1% anual de la cantidad de plata y\/o oro por Moneda AGX y\/o AUX, deducida no m\u00e1s de una vez al d\u00eda, y no menos de una vez al a\u00f1o. La tasa de sobrestad\u00eda aplicable por blockchain (hasta el m\u00e1ximo del 1%) ser\u00e1 determinada por LODE. LODE lo implementa como un tipo de inter\u00e9s negativo que reduce gradualmente la cantidad de plata y oro que respalda la Moneda AGX y\/o AUX en las blockchains p\u00fablicas que no admiten comisiones por transacci\u00f3n.    <\/p>\n<p>iii. Ejemplo: Hay 10.000.000 de Monedas AGX reservadas en Avalancha para ser representadas en una plataforma p\u00fablica. Por lo tanto, se acu\u00f1an 10.000.000 de fichas en la plataforma p\u00fablica para representarlas. La sobrestad\u00eda se aplica a raz\u00f3n de 0,00274% por d\u00eda.   <span class=\"Apple-converted-space\">  <\/span>En consecuencia, al cabo de un d\u00eda, se deducir\u00e1n 274 Monedas AGX, transfiri\u00e9ndolas de nuevo a la tesorer\u00eda, mientras que el n\u00famero en circulaci\u00f3n en la plataforma p\u00fablica no cambia.<\/p>\n<p>iv. Las operaciones cotidianas est\u00e1n a cargo del Recaudador de Tasas. <span class=\"Apple-converted-space\">  <\/span>Si el Recaudador de Tasas no dispone de la cantidad de fondos necesaria para cubrir las operaciones, se activa el COOP y la Demanda toma el relevo.<\/p>\n<\/div>\n<\/div>\n<div class=\"et_pb_module et_pb_text et_pb_text_10 et_pb_text_align_left et_pb_bg_layout_light\">\n<div class=\"et_pb_text_inner\">\n<ol start=\"3\">\n<li>LODE permite el acceso a redes p\u00fablicas que cobran tarifas de servicio independientes. Estas tarifas se repercutir\u00e1n al Comprador\/Titular. <\/li>\n<\/ol>\n<p>i. Los canjes s\u00f3lo pueden ser realizados por comerciantes de lingotes cualificados o por particulares cualificados. Los canjes tienen un tama\u00f1o m\u00ednimo de 100 onzas troy de lingotes de plata para las monedas AGX y un tama\u00f1o m\u00ednimo de 2 onzas troy de lingotes de oro para las monedas AUX.  <\/p>\n<p>ii. En cada canje se cobrar\u00e1 una comisi\u00f3n administrativa de 200 monedas AGX por las monedas AGX y una comisi\u00f3n administrativa de 2000 monedas AUX por las monedas AUX. <\/p>\n<p>iii. Los canjes s\u00f3lo est\u00e1n disponibles en m\u00faltiplos de barras de 100 onzas troy para las Monedas AGX (plata) y m\u00faltiplos de 1 onza troy para las Monedas AUX (oro). El tipo de canje aceptado para los metales f\u00edsicos es de 3.110 monedas AGX por cada barra de 100 onzas troy de plata para las monedas AGX y de 31.103,4 monedas AUX por cada onza troy de oro.  <\/p>\n<p>iv. Ejemplo: 3.310 Monedas AGX cubrir\u00e1n la tasa de administraci\u00f3n y la tasa de canje, y el receptor recibir\u00e1 una barra de plata de 100 onzas troy (100 onzas como m\u00ednimo). <\/p>\n<p>v. Ejemplo: 33.034 Monedas AUX cubrir\u00e1n la Tasa de Administraci\u00f3n, y la tasa de canje, y el receptor recibir\u00e1 una barra de 1 onza troy (2 onzas m\u00ednimo).<\/p>\n<p>vi. S\u00f3lo se aceptar\u00e1n reembolsos a trav\u00e9s de un Distribuidor de Lingotes registrado y autorizado por LODE de monedas AGX y\/o AUX de un titular que haya completado los procesos KYC, AML y de diligencia debida del Distribuidor de Lingotes (consulta la lista de Distribuidores de Lingotes registrados y autorizados de LODE situada en el Sitio). <\/p>\n<\/div>\n<\/div>\n<div class=\"et_pb_module et_pb_text et_pb_text_11 et_pb_text_align_left et_pb_bg_layout_light\">\n<div class=\"et_pb_text_inner\">\n<h1>10. Procedimientos de canje de los comerciantes de lingotes, recogida, env\u00edo y entrega de oro\/plata<\/h1>\n<ol type=\"a\">\n<li>La Plataforma LODE permite a los Titulares de AGX y AUX canjear las Monedas AGX y AUX por plata y oro f\u00edsicos. Los titulares que deseen canjear pueden hacerlo visitando www.lodewallet.com y activando una cuenta no custodiada utilizando la funci\u00f3n Canjear para concertar un canje por un Distribuidor de Lingotes registrado y autorizado por LODE. Si el titular de la(s) Moneda(s) AGX y\/o AUX decide que se le entregue la plata y\/o el oro, deber\u00e1 pagar los gastos de env\u00edo por adelantado. La plata y\/o el oro se transportar\u00e1n sin asegurar y, en cualquier caso, por cuenta y riesgo del Comprador y\/o Titular. Esto tambi\u00e9n se aplicar\u00e1 en los casos de cualquier entrega gratuita e independientemente del medio de transporte que se utilice. Cualquier seguro de transporte s\u00f3lo se proporcionar\u00e1 a petici\u00f3n expresa del Comprador y\/o Titular. Cualquier coste derivado de ello correr\u00e1 a cargo del Comprador y\/o Titular. Los Distribuidores de Lingotes pueden exigir a los titulares que completen el CSC\/AML antes del canje. El Comprador\/Titular debe estar de acuerdo con los T\u00e9rminos y Condiciones de Servicio del Distribuidor de Lingotes. Cualquier Deber de Inspecci\u00f3n y Objeci\u00f3n al proceso de canje debe realizarse con el Distribuidor de Lingotes.         <\/li>\n<li>Los Distribuidores de Lingotes pueden exigir a los titulares que seleccionen el lugar de env\u00edo, la ruta de transporte y los medios de transporte estar\u00e1n sujetos, en ausencia de cualquier acuerdo escrito que dicte lo contrario, a la discreci\u00f3n razonable del Distribuidor de Lingotes.<\/li>\n<li>Es responsabilidad del Comprador y\/o del Poseedor comprobar las cantidades, el peso y el embalaje y hacer constar cualquier objeci\u00f3n al respecto en el albar\u00e1n o carta de porte y\/o en el acuse de recibo\/nota de salida de almac\u00e9n del almac\u00e9n.<\/li>\n<li>Es responsabilidad del Comprador y\/o Tenedor realizar un control de calidad representativo sobre la base de una comprobaci\u00f3n in situ y, a tal efecto, abrir el embalaje (si procede) y comprobar todos los atributos de los lingotes de plata y\/u oro.<\/li>\n<\/ol>\n<\/div>\n<\/div>\n<div class=\"et_pb_module et_pb_text et_pb_text_12 et_pb_text_align_left et_pb_bg_layout_light\">\n<div class=\"et_pb_text_inner\">\n<h1>11. Garant\u00eda y limitaci\u00f3n de responsabilidad<\/h1>\n<ol type=\"a\">\n<li>LODE no asume ninguna responsabilidad por las monedas AGX y\/o AUX perdidas por error del usuario o de terceros. El usuario asume toda la responsabilidad de la gesti\u00f3n y custodia de las monedas. <\/li>\n<\/ol>\n<\/div>\n<\/div>\n<div class=\"et_pb_module et_pb_text et_pb_text_13 et_pb_text_align_left et_pb_bg_layout_light\">\n<div class=\"et_pb_text_inner\">\n<h1>12. Retenci\u00f3n del t\u00edtulo<\/h1>\n<ol type=\"a\">\n<li>LODE no retendr\u00e1 ning\u00fan t\u00edtulo o inter\u00e9s sobre los lingotes de plata y\/u oro que hayan sido entregados al Distribuidor de Lingotes. El Comprador y el Distribuidor de Lingotes deben liberarse de todas las reclamaciones derivadas de la relaci\u00f3n comercial. <\/li>\n<\/ol>\n<\/div>\n<\/div>\n<div class=\"et_pb_module et_pb_text et_pb_text_14 et_pb_text_align_left et_pb_bg_layout_light\">\n<div class=\"et_pb_text_inner\">\n<h1>13. Derecho de redenci\u00f3n<\/h1>\n<ol type=\"a\">\n<li>En todos los casos, el Distribuidor de Lingotes registrado y autorizado por LODE conserva el derecho de canje por lingotes f\u00edsicos de plata y\/u oro en virtud de su propio Canje.<\/li>\n<\/ol>\n<\/div>\n<\/div>\n<div class=\"et_pb_module et_pb_text et_pb_text_15 et_pb_text_align_left et_pb_bg_layout_light\">\n<div class=\"et_pb_text_inner\">\n<h1>14. Condiciones de arbitraje para usuarios fuera del Espacio Econ\u00f3mico Europeo<\/h1>\n<ol type=\"a\">\n<li>Cualquier disputa, controversia o reclamaci\u00f3n que surja de, o en relaci\u00f3n con, los T\u00e9rminos y Condiciones de Uso, incluyendo la validez, invalidez, incumplimiento o terminaci\u00f3n de los mismos, se resolver\u00e1 mediante arbitraje de acuerdo con las Reglas Suizas de Arbitraje Internacional de la Instituci\u00f3n de Arbitraje de las C\u00e1maras Suizas en vigor en la fecha en la que se presente la Notificaci\u00f3n de Arbitraje de acuerdo con estas Reglas. El n\u00famero de \u00e1rbitros ser\u00e1 de tres. La sede del arbitraje ser\u00e1 Z\u00farich, Suiza. El procedimiento arbitral se desarrollar\u00e1 en ingl\u00e9s. Este acuerdo de arbitraje s\u00f3lo se aplica al CEJ y a los casos en los que el usuario o la jurisdicci\u00f3n de la demanda se encuentren fuera del Espacio Econ\u00f3mico Europeo (EEE).    <\/li>\n<\/ol>\n<\/div>\n<\/div>\n<div class=\"et_pb_module et_pb_text et_pb_text_16 et_pb_text_align_left et_pb_bg_layout_light\">\n<div class=\"et_pb_text_inner\">\n<h1>15. Disposiciones finales del CEJ<\/h1>\n<ol type=\"a\">\n<li>El lugar de cumplimiento de las entregas ser\u00e1 el respectivo lugar de destino.<\/li>\n<li>En beneficio de LSA, los tribunales de Z\u00farich, Suiza, tendr\u00e1n jurisdicci\u00f3n sobre todas las disputas derivadas de estas Condiciones de Uso.<\/li>\n<li>Se aplicar\u00e1 la legislaci\u00f3n de Suiza. No se aplicar\u00e1n las leyes internacionales de compraventa. Se aplicar\u00e1 la Convenci\u00f3n de las Naciones Unidas sobre los Contratos de Compraventa Internacional de Mercader\u00edas (CISG).  <\/li>\n<li>La invalidez de cualquier disposici\u00f3n de estos T\u00e9rminos y Condiciones de Uso no afectar\u00e1 a la validez de las dem\u00e1s disposiciones. Las disposiciones inv\u00e1lidas se considerar\u00e1n sustituidas por aquellas disposiciones v\u00e1lidas que sean adecuadas para implementar el prop\u00f3sito econ\u00f3mico de la disposici\u00f3n eliminada en la mayor medida posible. Todos los acuerdos individuales deben realizarse por escrito.  <\/li>\n<\/ol>\n<\/div>\n<\/div>\n<p>[\/et_pb_text][\/et_pb_column][\/et_pb_row][\/et_pb_section]<\/p>\n","protected":false},"excerpt":{"rendered":"<p>AVISO IMPORTANTE Moneda(s) AGX y AUX Condiciones de uso 1 de enero de 2024 ESTE CONTRATO CONTIENE UNA DISPOSICI\u00d3N DE ARBITRAJE VINCULANTE QUE LAS PARTES PUEDEN HACER CUMPLIR. El Protocolo LODE (\u00abLODE\u00bb) es un libro mayor distribuido basado en Internet y una plataforma inform\u00e1tica compuesta por muchos componentes diferentes y en evoluci\u00f3n, aportados por una amplia variedad de participantes y Proveedores de Servicios profesionales. LODE est\u00e1 construido por LODE (Suiza) AG (\u00abLSA\u00bb) y la Alianza de Proveedores de Servicios. LSA salvaguarda los metales preciosos en nombre de los usuarios de LODE y, en concreto, de los titulares de monedas AGX y AUX. LODE ha desplegado un Recaudador de Comisiones como contrato inteligente de pool que consolida las comisiones de negociaci\u00f3n y financia las operaciones de b\u00f3veda segura, que protege los metales preciosos que respaldan las Monedas AGX y AUX. 1. General Los T\u00e9rminos y Condiciones de Uso expuestos a continuaci\u00f3n formar\u00e1n parte del acuerdo suscrito con LODE. La Moneda AGX y\/o AUX y el material publicado en el Sitio no constituyen una oferta ni la solicitud de una oferta para vender o comprar ning\u00fan valor. Los T\u00e9rminos y Condiciones de Uso se aplicar\u00e1n de acuerdo con la versi\u00f3n m\u00e1s reciente [&hellip;]<\/p>\n","protected":false},"author":1,"featured_media":0,"parent":0,"menu_order":0,"comment_status":"closed","ping_status":"closed","template":"","meta":{"_et_pb_use_builder":"on","_et_pb_old_content":"","_et_gb_content_width":"","footnotes":""},"class_list":["post-1954","page","type-page","status-publish","hentry"],"_links":{"self":[{"href":"https:\/\/lode.one\/es\/wp-json\/wp\/v2\/pages\/1954","targetHints":{"allow":["GET"]}}],"collection":[{"href":"https:\/\/lode.one\/es\/wp-json\/wp\/v2\/pages"}],"about":[{"href":"https:\/\/lode.one\/es\/wp-json\/wp\/v2\/types\/page"}],"author":[{"embeddable":true,"href":"https:\/\/lode.one\/es\/wp-json\/wp\/v2\/users\/1"}],"replies":[{"embeddable":true,"href":"https:\/\/lode.one\/es\/wp-json\/wp\/v2\/comments?post=1954"}],"version-history":[{"count":1,"href":"https:\/\/lode.one\/es\/wp-json\/wp\/v2\/pages\/1954\/revisions"}],"predecessor-version":[{"id":1959,"href":"https:\/\/lode.one\/es\/wp-json\/wp\/v2\/pages\/1954\/revisions\/1959"}],"wp:attachment":[{"href":"https:\/\/lode.one\/es\/wp-json\/wp\/v2\/media?parent=1954"}],"curies":[{"name":"wp","href":"https:\/\/api.w.org\/{rel}","templated":true}]}}