{"id":1838,"date":"2024-08-06T20:13:17","date_gmt":"2024-08-06T20:13:17","guid":{"rendered":"https:\/\/lode.one\/comunidad\/"},"modified":"2025-01-09T04:19:13","modified_gmt":"2025-01-09T04:19:13","slug":"comunidad","status":"publish","type":"page","link":"https:\/\/lode.one\/es\/comunidad\/","title":{"rendered":"Comunidad"},"content":{"rendered":"<p>[et_pb_section fb_built=\u00bb1&#8243; custom_padding_last_edited=\u00bbon|phone\u00bb module_id=\u00bbacerca de\u00bb _builder_version=\u00bb4.27.0&#8243; _module_preset=\u00bbdefault\u00bb use_background_color_gradient=\u00bbon\u00bb background_color_gradient_stops=\u00bbrgba(0,0,0,0.41) 0%|rgba(25,25,25,0.97) 100%\u00bb background_color_gradient_overlays_image=\u00bbon\u00bb background_image=\u00bbhttps:\/\/lode.one\/wp-content\/uploads\/2024\/06\/gold-dust.webp\u00bb background_position=\u00bbtop_center\u00bb background_vertical_offset=\u00bb100%\u00bb custom_padding=\u00bb220px||0px||false|false\u00bb custom_padding_tablet=\u00bb220px||0px||false|false\u00bb custom_padding_phone=\u00bb120px||0px||false|false\u00bb global_colors_info=\u00bb{}\u00bb][et_pb_row column_structure=\u00bb1_2,1_2&#8243; _builder_version=\u00bb4.25.1&#8243; _module_preset=\u00bbdefault\u00bb global_colors_info=\u00bb{}\u00bb][et_pb_column type=\u00bb1_2&#8243; _builder_version=\u00bb4.25.1&#8243; _module_preset=\u00bbdefault\u00bb global_colors_info=\u00bb{}\u00bb][et_pb_text _builder_version=\u00bb4.27.0&#8243; _module_preset=\u00bbdefault\u00bb text_font=\u00bb|300|||||||\u00bb text_text_color=\u00bb#FFFFFF\u00bb text_font_size=\u00bb20px\u00bb header_font=\u00bb|600|||||||\u00bb header_text_color=\u00bb#FFFFFF\u00bb header_font_size=\u00bb50px\u00bb header_2_text_color=\u00bb#FFFFFF\u00bb header_font_size_tablet=\u00bb50px\u00bb header_font_size_phone=\u00bb30px\u00bb header_font_size_last_edited=\u00bbon|phone\u00bb global_colors_info=\u00bb{}\u00bb]<\/p>\n<h1>BIENVENIDO A LA COMUNIDAD LOD3<\/h1>\n<p>&nbsp;<\/p>\n<p class=\"p1\">Este es tu lugar de referencia para todo lo relacionado con DAO LOD3. Tenemos secciones para anunciar pr\u00f3ximos eventos, tutoriales en v\u00eddeo y repeticiones de AMAs y paneles de invitados anteriores. Si necesitas ayuda, echa un vistazo a nuestros v\u00eddeos de asistencia y a la secci\u00f3n de preguntas frecuentes, que facilitan enormemente la b\u00fasqueda de respuestas. \u00bfQuieres mantenerte informado? Aqu\u00ed encontrar\u00e1s libros blancos, boletines y todas nuestras comunicaciones. Adem\u00e1s, con\u00e9ctate con nuestra comunidad a trav\u00e9s de nuestros canales de gesti\u00f3n.     <\/p>\n<p class=\"p1\">\u00a1Estamos encantados de tenerte con nosotros!<\/p>\n<p>[\/et_pb_text][\/et_pb_column][et_pb_column type=\u00bb1_2&#8243; _builder_version=\u00bb4.25.1&#8243; _module_preset=\u00bbdefault\u00bb global_colors_info=\u00bb{}\u00bb][\/et_pb_column][\/et_pb_row][et_pb_row column_structure=\u00bb2_3,1_3&#8243; _builder_version=\u00bb4.27.0&#8243; _module_preset=\u00bbdefault\u00bb custom_padding=\u00bb90px||90px||true|\u00bb global_colors_info=\u00bb{}\u00bb][et_pb_column type=\u00bb2_3&#8243; _builder_version=\u00bb4.27.0&#8243; _module_preset=\u00bbdefault\u00bb global_colors_info=\u00bb{}\u00bb][et_pb_text _builder_version=\u00bb4.27.0&#8243; _module_preset=\u00bbdefault\u00bb header_2_font=\u00bb|600|||||||\u00bb header_2_text_color=\u00bb#FFFFFF\u00bb header_2_font_size=\u00bb36px\u00bb global_colors_info=\u00bb{}\u00bb]<\/p>\n<h2>LOD3 AMAs<\/h2>\n<p>[\/et_pb_text][et_pb_code _builder_version=\u00bb4.27.2&#8243; _module_preset=\u00bbdefault\u00bb box_shadow_style=\u00bbpreset3&#8243; global_colors_info=\u00bb{}\u00bb]<iframe width=\"560\" height=\"315\" data-src=\"https:\/\/www.youtube.com\/embed\/videoseries?si=AkEamkDDRvyo60DX&amp;list=PLoHusAsFxkk0hKZ7LbnpKw0inOwJghsMH\" title=\"Reproductor de v\u00eddeo de YouTube\" frameborder=\"0\" allow=\"accelerometer; autoplay; clipboard-write; encrypted-media; gyroscope; picture-in-picture; web-share\" referrerpolicy=\"strict-origin-when-cross-origin\" allowfullscreen=\"\" src=\"data:image\/gif;base64,R0lGODlhAQABAAAAACH5BAEKAAEALAAAAAABAAEAAAICTAEAOw==\" class=\"lazyload\" data-load-mode=\"1\"><\/iframe>[\/et_pb_code][\/et_pb_column][et_pb_column type=\u00bb1_3&#8243; _builder_version=\u00bb4.27.0&#8243; _module_preset=\u00bbdefault\u00bb global_colors_info=\u00bb{}\u00bb][et_pb_text _builder_version=\u00bb4.27.0&#8243; _module_preset=\u00bbdefault\u00bb text_font=\u00bb|300|||||||\u00bb text_text_color=\u00bb#FFFFFF\u00bb text_font_size=\u00bb20px\u00bb text_line_height=\u00bb1.3em\u00bb custom_margin=\u00bb70px||||false|false\u00bb custom_margin_tablet=\u00bb70px||||false|false\u00bb custom_margin_phone=\u00bb10px||||false|false\u00bb custom_margin_last_edited=\u00bbon|phone\u00bb global_colors_info=\u00bb{}\u00bb]<\/p>\n<p>LOD3 DAO produce AMAs donde todos los miembros pueden preguntar y sugerir de forma amistosa y respetuosa cualquier cosa relacionada con el Proyecto LOD3.<\/p>\n<p>Para acceder a la lista de reproducci\u00f3n completa, pulsa o haz clic en el icono de la lista de reproducci\u00f3n <img decoding=\"async\" data-src=\"https:\/\/lode.one\/wp-content\/uploads\/2024\/08\/playlist-icon-300x300.webp\" width=\"24\" height=\"24\" alt=\"\" class=\"wp-image-325 alignnone size-medium lazyload\" src=\"data:image\/gif;base64,R0lGODlhAQABAAAAACH5BAEKAAEALAAAAAABAAEAAAICTAEAOw==\" style=\"--smush-placeholder-width: 24px; --smush-placeholder-aspect-ratio: 24\/24;\"> situado en la esquina superior derecha del reproductor.<\/p>\n<p>[\/et_pb_text][\/et_pb_column][\/et_pb_row][et_pb_row column_structure=\u00bb2_3,1_3&#8243; _builder_version=\u00bb4.27.0&#8243; _module_preset=\u00bbdefault\u00bb custom_padding=\u00bb90px||90px||true|\u00bb global_colors_info=\u00bb{}\u00bb][et_pb_column type=\u00bb2_3&#8243; _builder_version=\u00bb4.27.0&#8243; _module_preset=\u00bbdefault\u00bb global_colors_info=\u00bb{}\u00bb][et_pb_text _builder_version=\u00bb4.27.0&#8243; _module_preset=\u00bbdefault\u00bb header_2_font=\u00bb|600|||||||\u00bb header_2_text_color=\u00bb#FFFFFF\u00bb header_2_font_size=\u00bb36px\u00bb global_colors_info=\u00bb{}\u00bb]<\/p>\n<h2>TUTORIALES LOD3<\/h2>\n<p>[\/et_pb_text][et_pb_code _builder_version=\u00bb4.27.2&#8243; _module_preset=\u00bbdefault\u00bb box_shadow_style=\u00bbpreset3&#8243; global_colors_info=\u00bb{}\u00bb]<iframe width=\"560\" height=\"315\" data-src=\"https:\/\/www.youtube.com\/embed\/videoseries?si=OpPtKEWe0IIfME_R&amp;list=PLoHusAsFxkk1ZvY-9Amf0B9vgjYqCVL7I\" title=\"Reproductor de v\u00eddeo de YouTube\" frameborder=\"0\" allow=\"accelerometer; autoplay; clipboard-write; encrypted-media; gyroscope; picture-in-picture; web-share\" referrerpolicy=\"strict-origin-when-cross-origin\" allowfullscreen=\"\" src=\"data:image\/gif;base64,R0lGODlhAQABAAAAACH5BAEKAAEALAAAAAABAAEAAAICTAEAOw==\" class=\"lazyload\" data-load-mode=\"1\"><\/iframe>[\/et_pb_code][\/et_pb_column][et_pb_column type=\u00bb1_3&#8243; _builder_version=\u00bb4.27.0&#8243; _module_preset=\u00bbdefault\u00bb global_colors_info=\u00bb{}\u00bb][et_pb_text _builder_version=\u00bb4.27.0&#8243; _module_preset=\u00bbdefault\u00bb text_font=\u00bb|300|||||||\u00bb text_text_color=\u00bb#FFFFFF\u00bb text_font_size=\u00bb20px\u00bb text_line_height=\u00bb1.3em\u00bb custom_margin=\u00bb70px||||false|false\u00bb custom_margin_tablet=\u00bb70px||||false|false\u00bb custom_margin_phone=\u00bb10px||||false|false\u00bb custom_margin_last_edited=\u00bbon|phone\u00bb locked=\u00bboff\u00bb global_colors_info=\u00bb{}\u00bb]<\/p>\n<p>LOD3 DAO produce tutoriales relacionados con el monedero LOD3.<\/p>\n<p>Para acceder a la lista de reproducci\u00f3n completa, pulsa o haz clic en el icono de la lista de reproducci\u00f3n <img decoding=\"async\" data-src=\"https:\/\/lode.one\/wp-content\/uploads\/2024\/08\/playlist-icon-300x300.webp\" width=\"24\" height=\"24\" alt=\"\" class=\"wp-image-325 alignnone size-medium lazyload\" src=\"data:image\/gif;base64,R0lGODlhAQABAAAAACH5BAEKAAEALAAAAAABAAEAAAICTAEAOw==\" style=\"--smush-placeholder-width: 24px; --smush-placeholder-aspect-ratio: 24\/24;\"> situado en la esquina superior derecha del reproductor.<\/p>\n<p>[\/et_pb_text][\/et_pb_column][\/et_pb_row][\/et_pb_section][et_pb_section fb_built=\u00bb1&#8243; _builder_version=\u00bb4.27.2&#8243; _module_preset=\u00bbdefault\u00bb background_color=\u00bb#191919&#8243; min_height=\u00bb756.9px\u00bb custom_padding=\u00bb90px||0px|||\u00bb locked=\u00bboff\u00bb global_colors_info=\u00bb{}\u00bb][et_pb_row column_structure=\u00bb2_5,3_5&#8243; custom_padding_last_edited=\u00bbon|phone\u00bb _builder_version=\u00bb4.27.2&#8243; _module_preset=\u00bbdefault\u00bb background_image=\u00bbhttps:\/\/lode.one\/wp-content\/uploads\/2024\/10\/video-background.png\u00bb z_index=\u00bb9&#8243; min_height=\u00bb550px\u00bb min_height_tablet=\u00bb700px\u00bb min_height_phone=\u00bb850px\u00bb min_height_last_edited=\u00bbon|tablet\u00bb custom_margin=\u00bb3px|auto||auto||\u00bb custom_margin_tablet=\u00bb3px|auto||auto||\u00bb custom_margin_phone=\u00bb-150px|auto||auto|false|false\u00bb custom_margin_last_edited=\u00bbon|phone\u00bb custom_padding=\u00bb150px||||false|false\u00bb custom_padding_tablet=\u00bb150px||||false|false\u00bb custom_padding_phone=\u00bb180px||||false|false\u00bb background_last_edited=\u00bbon|desktop\u00bb background_position_phone=\u00bbcenter_left\u00bb background_horizontal_offset_phone=\u00bb24%\u00bb box_shadow_style=\u00bbpreset3&#8243; global_colors_info=\u00bb{}\u00bb][et_pb_column type=\u00bb2_5&#8243; _builder_version=\u00bb4.17.4&#8243; _module_preset=\u00bbdefault\u00bb global_colors_info=\u00bb{}\u00bb][\/et_pb_column][et_pb_column type=\u00bb3_5&#8243; _builder_version=\u00bb4.17.4&#8243; _module_preset=\u00bbdefault\u00bb global_colors_info=\u00bb{}\u00bb][et_pb_text _builder_version=\u00bb4.27.2&#8243; _module_preset=\u00bbdefault\u00bb text_font=\u00bb|300|||||||\u00bb text_text_color=\u00bb#FFFFFF\u00bb text_font_size=\u00bb20px\u00bb text_letter_spacing=\u00bb2px\u00bb header_font=\u00bbInter|800|||||||\u00bb header_text_color=\u00bb#FFFFFF\u00bb header_font_size=\u00bb50px\u00bb header_letter_spacing=\u00bb-1px\u00bb header_2_font=\u00bb|700||on|||||\u00bb header_2_text_color=\u00bb#FFFFFF\u00bb header_2_font_size=\u00bb50px\u00bb custom_margin=\u00bb-50px|||||\u00bb custom_margin_tablet=\u00bb-150px||||false|false\u00bb custom_margin_phone=\u00bb-150px||||false|false\u00bb custom_margin_last_edited=\u00bbon|phone\u00bb custom_padding=\u00bb|||20px|false|false\u00bb header_font_size_tablet=\u00bb50px\u00bb header_font_size_phone=\u00bb30px\u00bb header_font_size_last_edited=\u00bbon|desktop\u00bb header_2_font_size_tablet=\u00bb40px\u00bb header_2_font_size_phone=\u00bb25px\u00bb header_2_font_size_last_edited=\u00bbon|phone\u00bb global_colors_info=\u00bb{}\u00bb]<\/p>\n<p>SERIE DE V\u00cdDEOS<br \/><br class=\"\u201d\u201d\"><\/p>\n<h2>Mira c\u00f3mo LOD3 puede<br \/>trabajar para ti<\/h2>\n<p>[\/et_pb_text][\/et_pb_column][\/et_pb_row][et_pb_row column_structure=\u00bb1_4,1_4,1_4,1_4&#8243; disabled_on=\u00bboff|off|off\u00bb _builder_version=\u00bb4.17.4&#8243; _module_preset=\u00bbdefault\u00bb z_index=\u00bb27&#8243; custom_margin=\u00bb-200px||||false|false\u00bb custom_margin_tablet=\u00bb-490px||||false|false\u00bb custom_margin_phone=\u00bb-690px||||false|false\u00bb custom_margin_last_edited=\u00bbon|phone\u00bb custom_padding=\u00bb|40px||40px|false|true\u00bb global_colors_info=\u00bb{}\u00bb][et_pb_column type=\u00bb1_4&#8243; _builder_version=\u00bb4.17.4&#8243; _module_preset=\u00bbdefault\u00bb global_colors_info=\u00bb{}\u00bb][et_pb_video src=\u00bbhttps:\/\/www.youtube.com\/watch?v=XpbIdGZkBkw&amp;t=1s\u00bb _builder_version=\u00bb4.17.4&#8243; _module_preset=\u00bbdefault\u00bb border_radii=\u00bbon|20px|20px|20px|20px\u00bb global_colors_info=\u00bb{}\u00bb][\/et_pb_video][\/et_pb_column][et_pb_column type=\u00bb1_4&#8243; _builder_version=\u00bb4.17.4&#8243; _module_preset=\u00bbdefault\u00bb global_colors_info=\u00bb{}\u00bb][et_pb_video src=\u00bbhttps:\/\/www.youtube.com\/watch?v=C857FwMqbE8&#8243; _builder_version=\u00bb4.17.4&#8243; _module_preset=\u00bbdefault\u00bb border_radii=\u00bbon|20px|20px|20px|20px\u00bb global_colors_info=\u00bb{}\u00bb][\/et_pb_video][\/et_pb_column][et_pb_column type=\u00bb1_4&#8243; _builder_version=\u00bb4.17.4&#8243; _module_preset=\u00bbdefault\u00bb global_colors_info=\u00bb{}\u00bb][et_pb_video src=\u00bbhttps:\/\/www.youtube.com\/watch?v=D6y0T5lZI4E\u00bb _builder_version=\u00bb4.17.4&#8243; _module_preset=\u00bbdefault\u00bb border_radii=\u00bbon|20px|20px|20px|20px\u00bb locked=\u00bboff\u00bb global_colors_info=\u00bb{}\u00bb][\/et_pb_video][\/et_pb_column][et_pb_column type=\u00bb1_4&#8243; _builder_version=\u00bb4.17.4&#8243; _module_preset=\u00bbdefault\u00bb global_colors_info=\u00bb{}\u00bb][et_pb_video src=\u00bbhttps:\/\/www.youtube.com\/watch?v=V-fLcRQkBik\u00bb _builder_version=\u00bb4.17.4&#8243; _module_preset=\u00bbdefault\u00bb border_radii=\u00bbon|20px|20px|20px|20px\u00bb locked=\u00bboff\u00bb global_colors_info=\u00bb{}\u00bb][\/et_pb_video][\/et_pb_column][\/et_pb_row][\/et_pb_section]<\/p>\n","protected":false},"excerpt":{"rendered":"<p>BIENVENIDO A LA COMUNIDAD LOD3 &nbsp; Este es tu lugar de referencia para todo lo relacionado con DAO LOD3. Tenemos secciones para anunciar pr\u00f3ximos eventos, tutoriales en v\u00eddeo y repeticiones de AMAs y paneles de invitados anteriores. Si necesitas ayuda, echa un vistazo a nuestros v\u00eddeos de asistencia y a la secci\u00f3n de preguntas frecuentes, que facilitan enormemente la b\u00fasqueda de respuestas. \u00bfQuieres mantenerte informado? Aqu\u00ed encontrar\u00e1s libros blancos, boletines y todas nuestras comunicaciones. Adem\u00e1s, con\u00e9ctate con nuestra comunidad a trav\u00e9s de nuestros canales de gesti\u00f3n. \u00a1Estamos encantados de tenerte con nosotros!LOD3 AMAsLOD3 DAO produce AMAs donde todos los miembros pueden preguntar y sugerir de forma amistosa y respetuosa cualquier cosa relacionada con el Proyecto LOD3. Para acceder a la lista de reproducci\u00f3n completa, pulsa o haz clic en el icono de la lista de reproducci\u00f3n situado en la esquina superior derecha del reproductor.TUTORIALES LOD3LOD3 DAO produce tutoriales relacionados con el monedero LOD3. Para acceder a la lista de reproducci\u00f3n completa, pulsa o haz clic en el icono de la lista de reproducci\u00f3n situado en la esquina superior derecha del reproductor.SERIE DE V\u00cdDEOS Mira c\u00f3mo LOD3 puedetrabajar para ti<\/p>\n","protected":false},"author":1,"featured_media":0,"parent":0,"menu_order":0,"comment_status":"closed","ping_status":"closed","template":"","meta":{"_et_pb_use_builder":"on","_et_pb_old_content":"","_et_gb_content_width":"","footnotes":""},"class_list":["post-1838","page","type-page","status-publish","hentry"],"_links":{"self":[{"href":"https:\/\/lode.one\/es\/wp-json\/wp\/v2\/pages\/1838","targetHints":{"allow":["GET"]}}],"collection":[{"href":"https:\/\/lode.one\/es\/wp-json\/wp\/v2\/pages"}],"about":[{"href":"https:\/\/lode.one\/es\/wp-json\/wp\/v2\/types\/page"}],"author":[{"embeddable":true,"href":"https:\/\/lode.one\/es\/wp-json\/wp\/v2\/users\/1"}],"replies":[{"embeddable":true,"href":"https:\/\/lode.one\/es\/wp-json\/wp\/v2\/comments?post=1838"}],"version-history":[{"count":10,"href":"https:\/\/lode.one\/es\/wp-json\/wp\/v2\/pages\/1838\/revisions"}],"predecessor-version":[{"id":1883,"href":"https:\/\/lode.one\/es\/wp-json\/wp\/v2\/pages\/1838\/revisions\/1883"}],"wp:attachment":[{"href":"https:\/\/lode.one\/es\/wp-json\/wp\/v2\/media?parent=1838"}],"curies":[{"name":"wp","href":"https:\/\/api.w.org\/{rel}","templated":true}]}}