{"id":1823,"date":"2024-11-16T20:02:51","date_gmt":"2024-11-16T20:02:51","guid":{"rendered":"https:\/\/lode.one\/tmr\/"},"modified":"2025-01-09T04:03:02","modified_gmt":"2025-01-09T04:03:02","slug":"tmr","status":"publish","type":"page","link":"https:\/\/lode.one\/es\/tmr\/","title":{"rendered":"TMR"},"content":{"rendered":"<p>[et_pb_section fb_built=\u00bb1&#8243; custom_padding_last_edited=\u00bbon|phone\u00bb _builder_version=\u00bb4.27.3&#8243; _module_preset=\u00bbdefault\u00bb background_image=\u00bbhttps:\/\/lode.one\/wp-content\/uploads\/2024\/11\/own-banker-copy-1.webp\u00bb custom_padding=\u00bb150px||200px||false|\u00bb custom_padding_tablet=\u00bb150px||200px||false|\u00bb custom_padding_phone=\u00bb100px||||false|false\u00bb global_colors_info=\u00bb{}\u00bb][et_pb_row column_structure=\u00bb1_2,1_2&#8243; _builder_version=\u00bb4.27.3&#8243; _module_preset=\u00bbdefault\u00bb global_colors_info=\u00bb{}\u00bb][et_pb_column type=\u00bb1_2&#8243; _builder_version=\u00bb4.27.3&#8243; _module_preset=\u00bbdefault\u00bb global_colors_info=\u00bb{}\u00bb][et_pb_text _builder_version=\u00bb4.27.3&#8243; _module_preset=\u00bbdefault\u00bb text_text_color=\u00bb#FFFFFF\u00bb text_font_size=\u00bb17px\u00bb header_font=\u00bb|700|||||||\u00bb header_text_color=\u00bb#FFFFFF\u00bb header_font_size=\u00bb40px\u00bb header_2_text_color=\u00bb#FFFFFF\u00bb global_colors_info=\u00bb{}\u00bb]<\/p>\n<h1>ES HORA DE SER TU PROPIO BANQUERO<\/h1>\n<h2>VERDADERO DEFI ORO Y PLATA<\/h2>\n<p>LOD3 Finance DAO es un protocolo financiero de metales preciosos totalmente descentralizado y aut\u00f3nomo. El Protocolo LOD3 abre el acceso global y democratiza el dinero respaldado en plata y oro para el pueblo y por el pueblo. LOD3 lo consigue utilizando redes descentralizadas, EVM y la tecnolog\u00eda blockchain Web3.  <\/p>\n<p>[\/et_pb_text][et_pb_signup mailchimp_list=\u00bbthe morgan report|6cc0965fbd\u00bb use_custom_fields=\u00bbon\u00bb button_text=\u00bbENVIAR\u00bb description=\u00bb<\/p>\n<p>LAS 100 PRIMERAS PERSONAS QUE RELLENEN ESTE FORMULARIO RECIBIR\u00c1N 15 AGX (PLATA) POR CORTES\u00cdA <strong>DEL INFORME MORGAN<\/strong><\/p>\n<p>\u00bb use_spam_service=\u00bbon\u00bb recaptcha_list=\u00bblod3|lod3-0&#8243; _builder_version=\u00bb4.27.3&#8243; _module_preset=\u00bbdefault\u00bb header_level=\u00bbh1&#8243; header_font=\u00bb|700|||||||\u00bb header_text_color=\u00bb#0C71C3&#8243; body_font=\u00bb&#8211;et_global_heading_font|500|||||||\u00bb body_text_color=\u00bb#FFFFFF\u00bb body_font_size=\u00bb23px\u00bb background_color=\u00bbRGBA(255,255,255,0)\u00bb custom_button=\u00bbon\u00bb module_alignment=\u00bbcenter\u00bb custom_padding=\u00bb|0px||0px|false|true\u00bb hover_enabled=\u00bb0&#8243; locked=\u00bboff\u00bb global_colors_info=\u00bb{}\u00bb sticky_enabled=\u00bb0&#8243;][et_pb_signup_custom_field field_id=\u00bb3&#8243; field_title=\u00bbAddress\u00bb field_type=\u00bbinput\u00bb _builder_version=\u00bb4.27.3&#8243; _module_preset=\u00bbdefault\u00bb global_colors_info=\u00bb{}\u00bb predefined_field=\u00bb3&#8243;][\/et_pb_signup_custom_field][\/et_pb_signup][\/et_pb_column][et_pb_column type=\u00bb1_2&#8243; _builder_version=\u00bb4.27.3&#8243; _module_preset=\u00bbdefault\u00bb global_colors_info=\u00bb{}\u00bb][\/et_pb_column][\/et_pb_row][\/et_pb_section][et_pb_section fb_built=\u00bb1&#8243; _builder_version=\u00bb4.27.3&#8243; _module_preset=\u00bbdefault\u00bb background_image=\u00bbhttps:\/\/lode.one\/wp-content\/uploads\/2024\/11\/body-bg-scaled.webp\u00bb background_size=\u00bbstretch\u00bb custom_padding=\u00bb85px||85px||true|false\u00bb overflow-x_tablet=\u00bb\u00bb overflow-x_phone=\u00bbhidden\u00bb overflow-x_last_edited=\u00bbon|phone\u00bb locked=\u00bboff\u00bb global_colors_info=\u00bb{}\u00bb][et_pb_row column_structure=\u00bb1_3,1_3,1_3&#8243; module_id=\u00bbtokenomics\u00bb _builder_version=\u00bb4.27.2&#8243; _module_preset=\u00bbdefault\u00bb locked=\u00bboff\u00bb global_colors_info=\u00bb{}\u00bb global_module=\u00bb1000&#8243; theme_builder_area=\u00bbpost_content\u00bb][et_pb_column type=\u00bb1_3&#8243; _builder_version=\u00bb4.25.2&#8243; _module_preset=\u00bbdefault\u00bb background_image=\u00bbhttps:\/\/lode.one\/wp-content\/uploads\/2024\/06\/BLURB-background.png\u00bb custom_padding=\u00bb30px|30px|30px|30px|true|true\u00bb animation_style=\u00bbflip\u00bb animation_direction=\u00bbleft\u00bb hover_enabled=\u00bb0&#8243; border_radii=\u00bbon|15px|15px|15px|15px\u00bb box_shadow_style=\u00bbpreset3&#8243; global_colors_info=\u00bb{}\u00bb theme_builder_area=\u00bbpost_content\u00bb sticky_enabled=\u00bb0&#8243;][et_pb_blurb title=\u00bb$LOD3 TOKEN\u00bb image=\u00bbhttps:\/\/lode.one\/wp-content\/uploads\/2024\/11\/LODE_2025-large.png\u00bb image_icon_width=\u00bb60%\u00bb icon_alignment=\u00bbleft\u00bb module_id=\u00bblodeTokenContainer\u00bb _builder_version=\u00bb4.27.3&#8243; _module_preset=\u00bbdefault\u00bb header_text_color=\u00bb#FFFFFF\u00bb header_font_size=\u00bb28px\u00bb body_font=\u00bb|300|||||||\u00bb body_text_color=\u00bb#FFFFFF\u00bb background_enable_image=\u00bboff\u00bb border_radii=\u00bbon|15px|15px|15px|15px\u00bb box_shadow_style=\u00bbpreset3&#8243; box_shadow_color=\u00bbRGBA(255,255,255,0)\u00bb theme_builder_area=\u00bbpost_content\u00bb global_colors_info=\u00bb{%22gcid-7d4daf29-fbb7-45e3-b68f-99bef88f960a%22:%91%22header_3_text_color%22,%22header_3_text_color%22%93}\u00bb min_height=\u00bb380px\u00bb]<\/p>\n<p>El Token $LOD3 es el token de gobierno y utilidad del ecosistema. Impulsa todo lo que hace LOD3. <\/p>\n<p><strong>DIRECCI\u00d3N DEL CONTRATO:<\/strong><\/p>\n<p>[\/et_pb_blurb][et_pb_text _builder_version=\u00bb4.27.2&#8243; _module_preset=\u00bbdefault\u00bb text_text_color=\u00bb#FFFFFF\u00bb text_font_size=\u00bb18px\u00bb overflow-x=\u00bbauto\u00bb custom_margin=\u00bb-20px||||false|false\u00bb custom_padding=\u00bb10px|10px|10px|10px|true|true\u00bb border_radii=\u00bbon|5px|5px|5px|5px\u00bb border_width_all=\u00bb1px\u00bb border_color_all=\u00bb#898989&#8243; global_colors_info=\u00bb{}\u00bb theme_builder_area=\u00bbpost_content\u00bb]<\/p>\n<p>[copy_inline text=\u00bb0xbbaaa0420d474b34be197f95a323c2ff3829e811&#8243; display=\u00bb0xbbaaa0420d47&#8230;\u00bb]<\/p>\n<p>[\/et_pb_text][et_pb_button button_url=\u00bbhttps:\/\/lodewallet.com\/\u00bb url_new_window=\u00bbon\u00bb button_text=\u00bbCOMPRAR\u00bb _builder_version=\u00bb4.27.0&#8243; _module_preset=\u00bbdefault\u00bb global_colors_info=\u00bb{}\u00bb theme_builder_area=\u00bbpost_content\u00bb][\/et_pb_button][\/et_pb_column][et_pb_column type=\u00bb1_3&#8243; _builder_version=\u00bb4.25.2&#8243; _module_preset=\u00bbdefault\u00bb background_image=\u00bbhttps:\/\/lode.one\/wp-content\/uploads\/2024\/06\/BLURB-background.png\u00bb custom_padding=\u00bb30px|30px|30px|30px|true|true\u00bb animation_style=\u00bbflip\u00bb border_radii=\u00bbon|15px|15px|15px|15px\u00bb box_shadow_style=\u00bbpreset3&#8243; global_colors_info=\u00bb{}\u00bb theme_builder_area=\u00bbpost_content\u00bb][et_pb_blurb title=\u00bb$AGX\u00bb image=\u00bbhttps:\/\/lode.one\/wp-content\/uploads\/2024\/06\/agx-token.png\u00bb image_icon_width=\u00bb71%\u00bb icon_alignment=\u00bbleft\u00bb module_id=\u00bbagxTokenContainer\u00bb _builder_version=\u00bb4.27.3&#8243; _module_preset=\u00bbdefault\u00bb header_text_color=\u00bb#FFFFFF\u00bb header_font_size=\u00bb28px\u00bb body_font=\u00bb|300|||||||\u00bb body_text_color=\u00bb#FFFFFF\u00bb background_enable_image=\u00bboff\u00bb border_radii=\u00bbon|15px|15px|15px|15px\u00bb box_shadow_style=\u00bbpreset3&#8243; box_shadow_color=\u00bbRGBA(255,255,255,0)\u00bb theme_builder_area=\u00bbpost_content\u00bb global_colors_info=\u00bb{%22gcid-7d4daf29-fbb7-45e3-b68f-99bef88f960a%22:%91%22header_3_text_color%22,%22header_3_text_color%22%93}\u00bb min_height=\u00bb380px\u00bb]<\/p>\n<p class=\"p1\"><span>Las monedas AGX son dinero digital de plata. Cada moneda est\u00e1 respaldada al 100% por un gramo de plata de calidad de inversi\u00f3n, b\u00f3veda, auditada y asegurada al 99,99%. <\/span><\/p>\n<p class=\"p1\"><strong>DIRECCI\u00d3N DEL CONTRATO:<\/strong><\/p>\n<p>[\/et_pb_blurb][et_pb_text _builder_version=\u00bb4.27.2&#8243; _module_preset=\u00bbdefault\u00bb text_text_color=\u00bb#FFFFFF\u00bb text_font_size=\u00bb18px\u00bb overflow-x=\u00bbauto\u00bb custom_margin=\u00bb-20px||||false|false\u00bb custom_padding=\u00bb10px|10px|10px|10px|true|true\u00bb border_radii=\u00bbon|5px|5px|5px|5px\u00bb border_width_all=\u00bb1px\u00bb border_color_all=\u00bb#898989&#8243; locked=\u00bboff\u00bb global_colors_info=\u00bb{}\u00bb theme_builder_area=\u00bbpost_content\u00bb]<\/p>\n<p>[copy_inline text=\u00bb0x13e7bcefdde72492e656f3fa58bae6029708e673&#8243; display=\u00bb0x13e7bcefdde72&#8230;\u00bb]<\/p>\n<p>[\/et_pb_text][et_pb_button button_url=\u00bbhttps:\/\/lodewallet.com\/\u00bb url_new_window=\u00bbon\u00bb button_text=\u00bbCOMPRAR\u00bb _builder_version=\u00bb4.27.0&#8243; _module_preset=\u00bbdefault\u00bb locked=\u00bboff\u00bb global_colors_info=\u00bb{}\u00bb theme_builder_area=\u00bbpost_content\u00bb][\/et_pb_button][\/et_pb_column][et_pb_column type=\u00bb1_3&#8243; _builder_version=\u00bb4.25.2&#8243; _module_preset=\u00bbdefault\u00bb background_image=\u00bbhttps:\/\/lode.one\/wp-content\/uploads\/2024\/06\/BLURB-background.png\u00bb custom_padding=\u00bb30px|30px|30px|30px|true|true\u00bb animation_style=\u00bbflip\u00bb animation_direction=\u00bbright\u00bb border_radii=\u00bbon|15px|15px|15px|15px\u00bb box_shadow_style=\u00bbpreset3&#8243; global_colors_info=\u00bb{}\u00bb theme_builder_area=\u00bbpost_content\u00bb][et_pb_blurb title=\u00bb$AUX\u00bb image=\u00bbhttps:\/\/lode.one\/wp-content\/uploads\/2024\/06\/aux-token.png\u00bb image_icon_width=\u00bb71%\u00bb icon_alignment=\u00bbleft\u00bb module_id=\u00bbauxTokenContainer\u00bb _builder_version=\u00bb4.27.3&#8243; _module_preset=\u00bbdefault\u00bb header_text_color=\u00bb#FFFFFF\u00bb header_font_size=\u00bb28px\u00bb body_font=\u00bb|300|||||||\u00bb body_text_color=\u00bb#FFFFFF\u00bb background_enable_image=\u00bboff\u00bb hover_enabled=\u00bb0&#8243; border_radii=\u00bbon|15px|15px|15px|15px\u00bb box_shadow_style=\u00bbpreset3&#8243; box_shadow_color=\u00bbRGBA(255,255,255,0)\u00bb global_colors_info=\u00bb{%22gcid-7d4daf29-fbb7-45e3-b68f-99bef88f960a%22:%91%22header_3_text_color%22%93}\u00bb theme_builder_area=\u00bbpost_content\u00bb min_height=\u00bb380px\u00bb sticky_enabled=\u00bb0&#8243;]<\/p>\n<p class=\"p1\"><span>Las monedas AUX son dinero digital de oro. Cada moneda est\u00e1 respaldada al 100% por un miligramo de oro puro al 99,99%, abovedado, auditado y asegurado. <\/span><\/p>\n<p><strong>DIRECCI\u00d3N DEL CONTRATO:<\/strong><\/p>\n<p>[\/et_pb_blurb][et_pb_text _builder_version=\u00bb4.27.2&#8243; _module_preset=\u00bbdefault\u00bb text_text_color=\u00bb#FFFFFF\u00bb text_font_size=\u00bb18px\u00bb overflow-x=\u00bbauto\u00bb custom_margin=\u00bb-20px||||false|false\u00bb custom_padding=\u00bb10px|10px|10px|10px|true|true\u00bb border_radii=\u00bbon|5px|5px|5px|5px\u00bb border_width_all=\u00bb1px\u00bb border_color_all=\u00bb#898989&#8243; locked=\u00bboff\u00bb global_colors_info=\u00bb{}\u00bb theme_builder_area=\u00bbpost_content\u00bb]<\/p>\n<p>[copy_inline text=\u00bb0x68327a91e79f87f501bc8522fc333fb7a72393cb\u00bb display=\u00bb0x68327a91e79f8&#8230;\u00bb]<\/p>\n<p>[\/et_pb_text][et_pb_button button_url=\u00bbhttps:\/\/lodewallet.com\/\u00bb url_new_window=\u00bbon\u00bb button_text=\u00bbCOMPRAR\u00bb _builder_version=\u00bb4.27.0&#8243; _module_preset=\u00bbdefault\u00bb locked=\u00bboff\u00bb global_colors_info=\u00bb{}\u00bb theme_builder_area=\u00bbpost_content\u00bb][\/et_pb_button][\/et_pb_column][\/et_pb_row][\/et_pb_section][et_pb_section fb_built=\u00bb1&#8243; module_id=\u00bbcartera\u00bb _builder_version=\u00bb4.27.3&#8243; _module_preset=\u00bbdefault\u00bb background_color=\u00bbgcid-55cf94f6-dcca-448b-a9f4-2f3342ec889d\u00bb background_image=\u00bbhttps:\/\/lode.one\/wp-content\/uploads\/2024\/06\/wallet-screen.png\u00bb background_size=\u00bbcustom\u00bb background_image_width=\u00bb51%\u00bb background_image_height=\u00bb100%\u00bb background_position=\u00bbcenter_left\u00bb background_horizontal_offset=\u00bb0%\u00bb background_last_edited=\u00bbon|phone\u00bb background_enable_image_tablet=\u00bboff\u00bb overflow-x_tablet=\u00bb\u00bb overflow-x_phone=\u00bbhidden\u00bb overflow-x_last_edited=\u00bbon|phone\u00bb locked=\u00bboff\u00bb global_colors_info=\u00bb{%22gcid-55cf94f6-dcca-448b-a9f4-2f3342ec889d%22:%91%22background_color%22%93}\u00bb][et_pb_row column_structure=\u00bb1_2,1_2&#8243; _builder_version=\u00bb4.25.2&#8243; _module_preset=\u00bbdefault\u00bb global_colors_info=\u00bb{}\u00bb][et_pb_column type=\u00bb1_2&#8243; _builder_version=\u00bb4.25.2&#8243; _module_preset=\u00bbdefault\u00bb global_colors_info=\u00bb{}\u00bb][\/et_pb_column][et_pb_column type=\u00bb1_2&#8243; _builder_version=\u00bb4.25.2&#8243; _module_preset=\u00bbdefault\u00bb global_colors_info=\u00bb{}\u00bb][et_pb_text _builder_version=\u00bb4.27.2&#8243; _module_preset=\u00bbdefault\u00bb text_font=\u00bb|300|||||||\u00bb text_text_color=\u00bb#FFFFFF\u00bb text_font_size=\u00bb20px\u00bb header_2_text_color=\u00bb#FFFFFF\u00bb header_2_font_size=\u00bb46px\u00bb header_3_text_color=\u00bbgcid-7d4daf29-fbb7-45e3-b68f-99bef88f960a\u00bb header_3_font_size=\u00bb24px\u00bb header_2_font_size_tablet=\u00bb46px\u00bb header_2_font_size_phone=\u00bb36px\u00bb header_2_font_size_last_edited=\u00bbon|phone\u00bb locked=\u00bboff\u00bb global_colors_info=\u00bb{%22gcid-7d4daf29-fbb7-45e3-b68f-99bef88f960a%22:%91%22header_3_text_color%22,%22header_3_text_color%22%93}\u00bb]<\/p>\n<h3>BOLSA<\/h3>\n<p>&nbsp;<\/p>\n<h2>DOMINA TUS ACTIVOS CON LA CARTERA LOD3<\/h2>\n<p>&nbsp;<\/p>\n<h3>EL NUEVO MONEDERO LOD3:<\/h3>\n<p>&#8211; Seguridad mejorada<br \/>&#8211; Interfaz f\u00e1cil de usar<br \/>&#8211; Apuestas y recompensas<\/p>\n<p>[\/et_pb_text][et_pb_button button_url=\u00bbhttps:\/\/lodewallet.com\/\u00bb url_new_window=\u00bbon\u00bb button_text=\u00bbCREAR UN MONEDERO\u00bb _builder_version=\u00bb4.27.2&#8243; _module_preset=\u00bbdefault\u00bb global_colors_info=\u00bb{}\u00bb][\/et_pb_button][et_pb_text _builder_version=\u00bb4.27.3&#8243; _module_preset=\u00bbdefault\u00bb text_font=\u00bb|300|||||||\u00bb text_text_color=\u00bb#FFFFFF\u00bb text_font_size=\u00bb20px\u00bb header_2_text_color=\u00bb#FFFFFF\u00bb header_2_font_size=\u00bb46px\u00bb header_3_text_color=\u00bb#FFFFFF\u00bb header_3_font_size=\u00bb18px\u00bb max_width=\u00bb65%\u00bb custom_padding=\u00bb20px|20px|20px|20px|true|true\u00bb hover_enabled=\u00bb0&#8243; border_radii=\u00bbon|20px|20px|20px|20px\u00bb border_width_all=\u00bb1px\u00bb locked=\u00bboff\u00bb global_colors_info=\u00bb{}\u00bb sticky_enabled=\u00bb0&#8243;]<\/p>\n<h3>INTEGRADO CON<\/h3>\n<p><img decoding=\"async\" class=\"wp-image-535 alignnone lazyload\" data-src=\"https:\/\/lode.one\/wp-content\/uploads\/2024\/10\/blue-walletconnect-logo-300x49.png\" alt=\"\" width=\"241\" height=\"39\" src=\"data:image\/gif;base64,R0lGODlhAQABAAAAACH5BAEKAAEALAAAAAABAAEAAAICTAEAOw==\" style=\"--smush-placeholder-width: 241px; --smush-placeholder-aspect-ratio: 241\/39;\"><\/p>\n<p>[\/et_pb_text][\/et_pb_column][\/et_pb_row][\/et_pb_section]<\/p>\n","protected":false},"excerpt":{"rendered":"<p>ES HORA DE SER TU PROPIO BANQUERO VERDADERO DEFI ORO Y PLATA LOD3 Finance DAO es un protocolo financiero de metales preciosos totalmente descentralizado y aut\u00f3nomo. El Protocolo LOD3 abre el acceso global y democratiza el dinero respaldado en plata y oro para el pueblo y por el pueblo. LOD3 lo consigue utilizando redes descentralizadas, EVM y la tecnolog\u00eda blockchain Web3. El Token $LOD3 es el token de gobierno y utilidad del ecosistema. Impulsa todo lo que hace LOD3. DIRECCI\u00d3N DEL CONTRATO:[copy_inline text=\u00bb0xbbaaa0420d474b34be197f95a323c2ff3829e811&#8243; display=\u00bb0xbbaaa0420d47&#8230;\u00bb]Las monedas AGX son dinero digital de plata. Cada moneda est\u00e1 respaldada al 100% por un gramo de plata de calidad de inversi\u00f3n, b\u00f3veda, auditada y asegurada al 99,99%. DIRECCI\u00d3N DEL CONTRATO:[copy_inline text=\u00bb0x13e7bcefdde72492e656f3fa58bae6029708e673&#8243; display=\u00bb0x13e7bcefdde72&#8230;\u00bb]Las monedas AUX son dinero digital de oro. Cada moneda est\u00e1 respaldada al 100% por un miligramo de oro puro al 99,99%, abovedado, auditado y asegurado. DIRECCI\u00d3N DEL CONTRATO:[copy_inline text=\u00bb0x68327a91e79f87f501bc8522fc333fb7a72393cb\u00bb display=\u00bb0x68327a91e79f8&#8230;\u00bb]BOLSA &nbsp; DOMINA TUS ACTIVOS CON LA CARTERA LOD3 &nbsp; EL NUEVO MONEDERO LOD3: &#8211; Seguridad mejorada- Interfaz f\u00e1cil de usar- Apuestas y recompensasINTEGRADO CON<\/p>\n","protected":false},"author":1,"featured_media":0,"parent":0,"menu_order":0,"comment_status":"closed","ping_status":"closed","template":"","meta":{"_et_pb_use_builder":"on","_et_pb_old_content":"","_et_gb_content_width":"","footnotes":""},"class_list":["post-1823","page","type-page","status-publish","hentry"],"_links":{"self":[{"href":"https:\/\/lode.one\/es\/wp-json\/wp\/v2\/pages\/1823","targetHints":{"allow":["GET"]}}],"collection":[{"href":"https:\/\/lode.one\/es\/wp-json\/wp\/v2\/pages"}],"about":[{"href":"https:\/\/lode.one\/es\/wp-json\/wp\/v2\/types\/page"}],"author":[{"embeddable":true,"href":"https:\/\/lode.one\/es\/wp-json\/wp\/v2\/users\/1"}],"replies":[{"embeddable":true,"href":"https:\/\/lode.one\/es\/wp-json\/wp\/v2\/comments?post=1823"}],"version-history":[{"count":6,"href":"https:\/\/lode.one\/es\/wp-json\/wp\/v2\/pages\/1823\/revisions"}],"predecessor-version":[{"id":1835,"href":"https:\/\/lode.one\/es\/wp-json\/wp\/v2\/pages\/1823\/revisions\/1835"}],"wp:attachment":[{"href":"https:\/\/lode.one\/es\/wp-json\/wp\/v2\/media?parent=1823"}],"curies":[{"name":"wp","href":"https:\/\/api.w.org\/{rel}","templated":true}]}}